{"id":166,"date":"2020-12-30T16:00:00","date_gmt":"2020-12-30T15:00:00","guid":{"rendered":"http:\/\/vtom.fr\/?page_id=166"},"modified":"2023-04-17T14:14:08","modified_gmt":"2023-04-17T13:14:08","slug":"tarif-visites-virtuelles-2017","status":"publish","type":"page","link":"https:\/\/vtom.fr\/index.php\/tarifs\/tarif-visites-virtuelles-2017\/","title":{"rendered":"Tarifs Visites Virtuelles by MATTERPORT"},"content":{"rendered":"\n<p class=\"has-text-align-center\"><strong>Deux gammes tarifaires vous sont propos\u00e9s:<\/strong><\/p>\n\n\n\n<ul class=\"wp-block-list\">\n<li><strong>Bien immobilier. (Appartement \/ Maison \/ G\u00eetes \/ Villa&#8230;)<\/strong><\/li>\n<\/ul>\n\n\n\n<p><br><iframe loading=\"lazy\" src=\"https:\/\/my.matterport.com\/show\/?m=HbC4fy3uuWn\" width=\"853\" height=\"480\" frameborder=\"0\" allowfullscreen=\"allowfullscreen\">&amp;amp;amp;amp;amp;amp;amp;amp;amp;amp;amp;amp;amp;lt;\/p&amp;amp;amp;amp;amp;amp;amp;amp;amp;amp;amp;amp;amp;gt;<\/iframe><\/p>\n\n\n\n<p class=\"has-text-align-center\">&#8211; Scan de 1 \u00e0 50 <strong>m<sup>2<\/sup><\/strong>: 200 \u20ac HT<br>&#8211; Scan de 51 \u00e0 70 <strong>m<sup>2<\/sup><\/strong>: 250 \u20ac HT<br>&#8211; Scan de 71 \u00e0 100 <strong>m<sup>2<\/sup><\/strong>: 300 \u20ac HT<br>&#8211; Scan de 101 \u00e0 150 <strong>m<sup>2<\/sup><\/strong>: 350 \u20ac HT<br>&#8211; Scan de 151 \u00e0 200 <strong>m<sup>2<\/sup><\/strong>: 400 \u20ac HT<br>&#8211; Scan de 201 \u00e0 400 <strong>m<sup>2<\/sup><\/strong>: 500 \u20ac HT<br><\/p>\n\n\n\n<p class=\"has-text-align-center\">Vente (PAP), Location classique ou saisonni\u00e8re (Airbnb, G\u00eetes&#8230;)<br><strong><strong>Autre demande ? Sur Devis, nous contacter.<\/strong><br><a href=\"mailto:contact@vtom.fr\">contact@vtom.fr<\/a><\/strong><\/p>\n\n\n\n<hr class=\"wp-block-separator has-css-opacity\"\/>\n\n\n\n<ul class=\"wp-block-list\">\n<li><strong>Lieux d&rsquo;accueil de public commercial, ou locaux professionnels.<\/strong> <strong>(Restaurant, Bar, Bureau, Espaces Coworking, Lieux de reception, Mus\u00e9es, Espaces de nuits&#8230;)<\/strong><\/li>\n<\/ul>\n\n\n\n<p><br><iframe loading=\"lazy\" src=\"https:\/\/my.matterport.com\/show\/?m=hj2pnom1bGX&amp;\" width=\"853\" height=\"480\" frameborder=\"0\" allowfullscreen=\"allowfullscreen\">&amp;amp;amp;amp;amp;amp;amp;amp;amp;amp;amp;amp;lt;\/p&amp;amp;amp;amp;amp;amp;amp;amp;amp;amp;amp;amp;gt;<\/iframe><\/p>\n\n\n\n<p class=\"has-text-align-center\"><\/p>\n\n\n\n<p class=\"has-text-align-center\">&#8211; Moins de 100 <strong>m<sup>2<\/sup><\/strong>: 275 \u20ac HT<br>&#8211; Jusqu&rsquo;\u00e0 200 <strong>m<sup>2<\/sup><\/strong>: 350 \u20ac HT<br>&#8211; Jusqu&rsquo;\u00e0 400 <strong>m<sup>2<\/sup><\/strong>: 400 \u20ac HT<br>&#8211; Jusqu&rsquo;\u00e0 500 <strong>m<sup>2<\/sup><\/strong>: 450 \u20ac HT<br>&#8211; Jusqu&rsquo;\u00e0 600 <strong>m<sup>2<\/sup><\/strong>: 500 \u20ac HT<br>&#8211; Jusqu&rsquo;\u00e0 800 <strong>m<sup>2<\/sup><\/strong>: 600 \u20ac HT<br>&#8211; Jusqu&rsquo;\u00e0 1000 <strong>m<sup>2<\/sup><\/strong>: 700 \u20ac HT<br>&#8211; Jusqu&rsquo;\u00e0 2000 <strong>m<sup>2<\/sup><\/strong>: 1000 \u20ac HT<br>&#8211; Jusqu&rsquo;\u00e0 3000 <strong>m<sup>2<\/sup><\/strong>: 1500 \u20ac HT<br>&#8211; Jusqu&rsquo;\u00e0 5000 <strong>m<sup>2<\/sup><\/strong>: 2000 \u20ac HT<br><br><strong>Autre demande ? Sur Devis, nous contacter.<\/strong> <br><a href=\"mailto:contact@vtom.fr\">contact@vtom.fr<\/a><\/p>\n\n\n\n<hr class=\"wp-block-separator has-css-opacity\"\/>\n\n\n\n<p class=\"has-text-align-center\"><strong>Frais d&rsquo;h\u00e9bergements Fixes et Options<\/strong>:<br>H\u00e9bergement sur internet 6 mois: 29 \u20ac<br>H\u00e9bergement sur internet 12 mois: 50 \u20ac<br>Chaque ann\u00e9e suppl\u00e9mentaire: 50 \u20ac<\/p>\n\n\n\n<hr class=\"wp-block-separator has-css-opacity\"\/>\n\n\n\n<p class=\"has-text-align-center\"><strong>Options possibles:<\/strong><br>&#8211; Conversion en plan 2D en noir et blanc avec cotations <br>(Marge d&rsquo;erreur 1 \u00e0 2 %): 30\u20ac<\/p>\n\n\n\n<hr class=\"wp-block-separator has-css-opacity\"\/>\n\n\n\n<p class=\"has-text-align-center\"><strong>Frais de d\u00e9placements:<\/strong><br>Franchise Kilom\u00e9trique de 30 Km autour de PAU centre, au del\u00e0: 0,90 \u20ac\/Km (retour inclus)<\/p>\n\n\n\n<hr class=\"wp-block-separator has-css-opacity\"\/>\n\n\n\n<p class=\"has-text-align-center\"><strong>D\u00e9lais de livraison:<\/strong><br>En g\u00e9n\u00e9ral les visites 3D by Matterport sont disponibles dans les 24 H apr\u00e8s le scan de votre bien. <br>(48 H en moyenne pour les lieux commerciaux. Hors options d&rsquo;int\u00e9grations)<\/p>\n\n\n\n<p class=\"has-text-align-center\"><br><strong>Nouveaux<\/strong> depuis MARS 2022 les visites virtuelles Matterport sont compatible <strong>Leboncoin<\/strong> sur le site Leboncoin.fr (Comptes Pro exclusivement)<\/p>\n\n\n\n<p class=\"has-text-align-center\"><br><strong>Nous intervenons sur tout le territoire B\u00e9arnais et Fran\u00e7ais.<br>Devis personnalis\u00e9 possible, sur demande.<\/strong><br><a href=\"mailto:contact@vtom.fr\">contact@vtom.fr<\/a><\/p>\n","protected":false},"excerpt":{"rendered":"<p>Deux gammes tarifaires vous sont propos\u00e9s: &amp;amp;amp;amp;amp;amp;amp;amp;amp;amp;amp;amp;amp;lt;\/p&amp;amp;amp;amp;amp;amp;amp;amp;amp;amp;amp;amp;amp;gt; &#8211; Scan de 1 \u00e0 50 m2: 200 \u20ac HT&#8211; Scan de 51 \u00e0 70 m2: 250 \u20ac HT&#8211; Scan de 71 \u00e0 100 m2: 300 \u20ac HT&#8211; Scan de 101 \u00e0 150 m2: 350 \u20ac HT&#8211; Scan de 151 \u00e0 200 m2: 400 \u20ac HT&#8211; Scan de &hellip; <\/p>\n","protected":false},"author":3,"featured_media":575,"parent":171,"menu_order":2,"comment_status":"closed","ping_status":"closed","template":"","meta":{"jetpack_post_was_ever_published":false,"footnotes":""},"class_list":["post-166","page","type-page","status-publish","has-post-thumbnail","hentry"],"jetpack_sharing_enabled":true,"jetpack_shortlink":"https:\/\/wp.me\/P7Ct3F-2G","jetpack-related-posts":[],"_links":{"self":[{"href":"https:\/\/vtom.fr\/index.php\/wp-json\/wp\/v2\/pages\/166","targetHints":{"allow":["GET"]}}],"collection":[{"href":"https:\/\/vtom.fr\/index.php\/wp-json\/wp\/v2\/pages"}],"about":[{"href":"https:\/\/vtom.fr\/index.php\/wp-json\/wp\/v2\/types\/page"}],"author":[{"embeddable":true,"href":"https:\/\/vtom.fr\/index.php\/wp-json\/wp\/v2\/users\/3"}],"replies":[{"embeddable":true,"href":"https:\/\/vtom.fr\/index.php\/wp-json\/wp\/v2\/comments?post=166"}],"version-history":[{"count":68,"href":"https:\/\/vtom.fr\/index.php\/wp-json\/wp\/v2\/pages\/166\/revisions"}],"predecessor-version":[{"id":1135,"href":"https:\/\/vtom.fr\/index.php\/wp-json\/wp\/v2\/pages\/166\/revisions\/1135"}],"up":[{"embeddable":true,"href":"https:\/\/vtom.fr\/index.php\/wp-json\/wp\/v2\/pages\/171"}],"wp:featuredmedia":[{"embeddable":true,"href":"https:\/\/vtom.fr\/index.php\/wp-json\/wp\/v2\/media\/575"}],"wp:attachment":[{"href":"https:\/\/vtom.fr\/index.php\/wp-json\/wp\/v2\/media?parent=166"}],"curies":[{"name":"wp","href":"https:\/\/api.w.org\/{rel}","templated":true}]}}