{"id":2,"date":"2016-05-20T12:18:56","date_gmt":"2016-05-20T11:18:56","guid":{"rendered":"http:\/\/vtom.fr\/?page_id=2"},"modified":"2025-12-10T18:20:54","modified_gmt":"2025-12-10T17:20:54","slug":"quisommesnous","status":"publish","type":"page","link":"https:\/\/vtom.fr\/","title":{"rendered":"Qui est VTOM.Fr ?"},"content":{"rendered":"<div class=\"wp-block-image\">\n<figure class=\"alignleft size-full is-resized\"><img data-recalc-dims=\"1\" loading=\"lazy\" decoding=\"async\" width=\"770\" height=\"770\" data-attachment-id=\"1053\" data-permalink=\"https:\/\/vtom.fr\/img_2359-copie-2\/\" data-orig-file=\"https:\/\/i0.wp.com\/vtom.fr\/wp-content\/uploads\/2022\/05\/IMG_2359-copie-e1652695965834-edited.jpg?fit=1199%2C1199&amp;ssl=1\" data-orig-size=\"1199,1199\" data-comments-opened=\"0\" data-image-meta=\"{&quot;aperture&quot;:&quot;0&quot;,&quot;credit&quot;:&quot;&quot;,&quot;camera&quot;:&quot;&quot;,&quot;caption&quot;:&quot;&quot;,&quot;created_timestamp&quot;:&quot;1652621464&quot;,&quot;copyright&quot;:&quot;&quot;,&quot;focal_length&quot;:&quot;0&quot;,&quot;iso&quot;:&quot;0&quot;,&quot;shutter_speed&quot;:&quot;0&quot;,&quot;title&quot;:&quot;&quot;,&quot;orientation&quot;:&quot;1&quot;}\" data-image-title=\"IMG_2359 copie\" data-image-description=\"\" data-image-caption=\"\" data-medium-file=\"https:\/\/i0.wp.com\/vtom.fr\/wp-content\/uploads\/2022\/05\/IMG_2359-copie-e1652695965834-edited.jpg?fit=300%2C300&amp;ssl=1\" data-large-file=\"https:\/\/i0.wp.com\/vtom.fr\/wp-content\/uploads\/2022\/05\/IMG_2359-copie-e1652695965834-edited.jpg?fit=770%2C770&amp;ssl=1\" src=\"https:\/\/i0.wp.com\/vtom.fr\/wp-content\/uploads\/2022\/05\/IMG_2359-copie-e1652695965834-edited.jpg?resize=770%2C770&#038;ssl=1\" alt=\"\" class=\"wp-image-1053\" style=\"width:193px;height:193px\" srcset=\"https:\/\/i0.wp.com\/vtom.fr\/wp-content\/uploads\/2022\/05\/IMG_2359-copie-e1652695965834-edited.jpg?w=1199&amp;ssl=1 1199w, https:\/\/i0.wp.com\/vtom.fr\/wp-content\/uploads\/2022\/05\/IMG_2359-copie-e1652695965834-edited.jpg?resize=300%2C300&amp;ssl=1 300w, https:\/\/i0.wp.com\/vtom.fr\/wp-content\/uploads\/2022\/05\/IMG_2359-copie-e1652695965834-edited.jpg?resize=1024%2C1024&amp;ssl=1 1024w, https:\/\/i0.wp.com\/vtom.fr\/wp-content\/uploads\/2022\/05\/IMG_2359-copie-e1652695965834-edited.jpg?resize=150%2C150&amp;ssl=1 150w, https:\/\/i0.wp.com\/vtom.fr\/wp-content\/uploads\/2022\/05\/IMG_2359-copie-e1652695965834-edited.jpg?resize=768%2C768&amp;ssl=1 768w, https:\/\/i0.wp.com\/vtom.fr\/wp-content\/uploads\/2022\/05\/IMG_2359-copie-e1652695965834-edited.jpg?resize=370%2C370&amp;ssl=1 370w, https:\/\/i0.wp.com\/vtom.fr\/wp-content\/uploads\/2022\/05\/IMG_2359-copie-e1652695965834-edited.jpg?resize=60%2C60&amp;ssl=1 60w, https:\/\/i0.wp.com\/vtom.fr\/wp-content\/uploads\/2022\/05\/IMG_2359-copie-e1652695965834-edited.jpg?resize=600%2C600&amp;ssl=1 600w, https:\/\/i0.wp.com\/vtom.fr\/wp-content\/uploads\/2022\/05\/IMG_2359-copie-e1652695965834-edited.jpg?resize=100%2C100&amp;ssl=1 100w\" sizes=\"auto, (max-width: 770px) 100vw, 770px\" \/><figcaption class=\"wp-element-caption\">Vincent Tomasetig \u00ab\u00a0ViToM\u00a0\u00bb<\/figcaption><\/figure>\n<\/div>\n\n\n<p>Avec plus de 17 ans d&rsquo;exp\u00e9rience dans la photo sportive, principalement de sports m\u00e9caniques, ancien patron de presse, r\u00e9dacteur en chef et directeur de publications de magazines papier.<\/p>\n\n\n\n<p><strong>(MiniMoto Magazine, Freestyle Motocross Magazine et BMX Racer).<\/strong> <\/p>\n\n\n\n<p>Early adopter sur les nouvelles technologies, et passionn\u00e9 de sport en tous genres, je mets aujourd&rsquo;hui \u00e0 votre disposition mes&nbsp;connaissances, mon expertise et mon exp\u00e9rience \u00e0 votre service.<br>Je m&rsquo;entoure toujours de professionnels qualifi\u00e9s quand les attentes des clients r\u00e9clament d&rsquo;autres comp\u00e9tences et je veille \u00e0 toujours proposer des solutions.<\/p>\n\n\n\n<p><strong>Nos domaines de comp\u00e9tences sont tr\u00e8s larges:<\/strong><br>Dans la photo ou vid\u00e9o sportive (en int\u00e9rieur comme en ext\u00e9rieur), le reportage, le mariage, les prises de vues en drones stabilis\u00e9es mais aussi FPV, les photos ou vid\u00e9os panoramiques 360&#215;180\u00b0 (Sph\u00e9rique) statiques ou embarqu\u00e9es ainsi que les clips vid\u00e9os de pr\u00e9sentation (produits ou personnes), interview&#8230;<\/p>\n\n\n\n<figure class=\"wp-block-image size-large\"><img data-recalc-dims=\"1\" loading=\"lazy\" decoding=\"async\" width=\"770\" height=\"513\" data-attachment-id=\"527\" data-permalink=\"https:\/\/vtom.fr\/vit_1746\/\" data-orig-file=\"https:\/\/i0.wp.com\/vtom.fr\/wp-content\/uploads\/2020\/12\/VIT_1746-scaled.jpeg?fit=2560%2C1704&amp;ssl=1\" data-orig-size=\"2560,1704\" data-comments-opened=\"0\" data-image-meta=\"{&quot;aperture&quot;:&quot;3.5&quot;,&quot;credit&quot;:&quot;Vincent TOMASETiG&quot;,&quot;camera&quot;:&quot;NIKON D4S&quot;,&quot;caption&quot;:&quot;&quot;,&quot;created_timestamp&quot;:&quot;1551630427&quot;,&quot;copyright&quot;:&quot;VITOM 2017&quot;,&quot;focal_length&quot;:&quot;86&quot;,&quot;iso&quot;:&quot;400&quot;,&quot;shutter_speed&quot;:&quot;0.00015625&quot;,&quot;title&quot;:&quot;&quot;,&quot;orientation&quot;:&quot;1&quot;}\" data-image-title=\"VIT_1746\" data-image-description=\"\" data-image-caption=\"&lt;p&gt;Motorsport&lt;\/p&gt;\n\" data-medium-file=\"https:\/\/i0.wp.com\/vtom.fr\/wp-content\/uploads\/2020\/12\/VIT_1746-scaled.jpeg?fit=300%2C200&amp;ssl=1\" data-large-file=\"https:\/\/i0.wp.com\/vtom.fr\/wp-content\/uploads\/2020\/12\/VIT_1746-scaled.jpeg?fit=770%2C513&amp;ssl=1\" src=\"https:\/\/i0.wp.com\/vtom.fr\/wp-content\/uploads\/2020\/12\/VIT_1746.jpeg?resize=770%2C513&#038;ssl=1\" alt=\"\" class=\"wp-image-527\" srcset=\"https:\/\/i0.wp.com\/vtom.fr\/wp-content\/uploads\/2020\/12\/VIT_1746-scaled.jpeg?resize=1024%2C682&amp;ssl=1 1024w, https:\/\/i0.wp.com\/vtom.fr\/wp-content\/uploads\/2020\/12\/VIT_1746-scaled.jpeg?resize=300%2C200&amp;ssl=1 300w, https:\/\/i0.wp.com\/vtom.fr\/wp-content\/uploads\/2020\/12\/VIT_1746-scaled.jpeg?resize=768%2C511&amp;ssl=1 768w, https:\/\/i0.wp.com\/vtom.fr\/wp-content\/uploads\/2020\/12\/VIT_1746-scaled.jpeg?resize=1536%2C1022&amp;ssl=1 1536w, https:\/\/i0.wp.com\/vtom.fr\/wp-content\/uploads\/2020\/12\/VIT_1746-scaled.jpeg?resize=2048%2C1363&amp;ssl=1 2048w, https:\/\/i0.wp.com\/vtom.fr\/wp-content\/uploads\/2020\/12\/VIT_1746-scaled.jpeg?resize=330%2C220&amp;ssl=1 330w, https:\/\/i0.wp.com\/vtom.fr\/wp-content\/uploads\/2020\/12\/VIT_1746-scaled.jpeg?resize=600%2C399&amp;ssl=1 600w, https:\/\/i0.wp.com\/vtom.fr\/wp-content\/uploads\/2020\/12\/VIT_1746-scaled.jpeg?w=2310&amp;ssl=1 2310w\" sizes=\"auto, (max-width: 770px) 100vw, 770px\" \/><figcaption class=\"wp-element-caption\">Photo Action Sport<\/figcaption><\/figure>\n\n\n\n<ul class=\"wp-block-list\">\n<li>VTOM.fr, c&rsquo;est aussi des Visites Virtuelles 3D de r\u00e9f\u00e9rence, Matterport. Nous poss\u00e9dons les cam\u00e9ra PRO2, PRO3 ainsi que des cam\u00e9ras 360\u00b0 Insta360. Id\u00e9al pour faire d\u00e9couvrir un lieu avant une visite, une location ou un achat. Le jumeau num\u00e9rique fais gagner du temps et augmente votre visibilit\u00e9.<br>(PAP, G\u00eetes de France, Leboncoin, Agences immobili\u00e8res, Airbnb, \u00c9v\u00e9nementiel&#8230;)<\/li>\n<\/ul>\n\n\n\n<figure class=\"wp-block-image size-full is-resized\"><img data-recalc-dims=\"1\" loading=\"lazy\" decoding=\"async\" width=\"770\" height=\"578\" data-attachment-id=\"1102\" data-permalink=\"https:\/\/vtom.fr\/index.php\/drone\/img_40832\/\" data-orig-file=\"https:\/\/i0.wp.com\/vtom.fr\/wp-content\/uploads\/2023\/04\/IMG_40832.jpg?fit=1000%2C750&amp;ssl=1\" data-orig-size=\"1000,750\" data-comments-opened=\"0\" data-image-meta=\"{&quot;aperture&quot;:&quot;1.5&quot;,&quot;credit&quot;:&quot;&quot;,&quot;camera&quot;:&quot;iPhone 13 Pro Max&quot;,&quot;caption&quot;:&quot;&quot;,&quot;created_timestamp&quot;:&quot;1680700811&quot;,&quot;copyright&quot;:&quot;&quot;,&quot;focal_length&quot;:&quot;5.7&quot;,&quot;iso&quot;:&quot;50&quot;,&quot;shutter_speed&quot;:&quot;0.00017001020061204&quot;,&quot;title&quot;:&quot;&quot;,&quot;orientation&quot;:&quot;1&quot;}\" data-image-title=\"IMG_40832\" data-image-description=\"\" data-image-caption=\"\" data-medium-file=\"https:\/\/i0.wp.com\/vtom.fr\/wp-content\/uploads\/2023\/04\/IMG_40832.jpg?fit=300%2C225&amp;ssl=1\" data-large-file=\"https:\/\/i0.wp.com\/vtom.fr\/wp-content\/uploads\/2023\/04\/IMG_40832.jpg?fit=770%2C578&amp;ssl=1\" src=\"https:\/\/i0.wp.com\/vtom.fr\/wp-content\/uploads\/2023\/04\/IMG_40832.jpg?resize=770%2C578&#038;ssl=1\" alt=\"\" class=\"wp-image-1102\" style=\"width:850px;height:638px\" srcset=\"https:\/\/i0.wp.com\/vtom.fr\/wp-content\/uploads\/2023\/04\/IMG_40832.jpg?w=1000&amp;ssl=1 1000w, https:\/\/i0.wp.com\/vtom.fr\/wp-content\/uploads\/2023\/04\/IMG_40832.jpg?resize=300%2C225&amp;ssl=1 300w, https:\/\/i0.wp.com\/vtom.fr\/wp-content\/uploads\/2023\/04\/IMG_40832.jpg?resize=768%2C576&amp;ssl=1 768w, https:\/\/i0.wp.com\/vtom.fr\/wp-content\/uploads\/2023\/04\/IMG_40832.jpg?resize=80%2C60&amp;ssl=1 80w, https:\/\/i0.wp.com\/vtom.fr\/wp-content\/uploads\/2023\/04\/IMG_40832.jpg?resize=600%2C450&amp;ssl=1 600w\" sizes=\"auto, (max-width: 770px) 100vw, 770px\" \/><figcaption class=\"wp-element-caption\">SCANNER MATTERPORT PRO2<\/figcaption><\/figure>\n\n\n\n<p><iframe loading=\"lazy\" src=\"https:\/\/my.matterport.com\/show\/?m=3DJqPdMYbrS\" width=\"853\" height=\"480\" frameborder=\"0\" allowfullscreen=\"allowfullscreen\">&amp;amp;amp;amp;amp;amp;amp;lt;\/p&amp;amp;amp;amp;amp;amp;amp;gt;<\/iframe><\/p>\n\n\n\n<ul class=\"wp-block-list\">\n<li>Nous sommes aussi sp\u00e9cialis\u00e9s dans les prises de vues a\u00e9riennes par drone stabilis\u00e9 et FPV. (T\u00e9l\u00e9pilote drone professionnel dipl\u00f4m\u00e9 et agr\u00e9\u00e9 DGAC).<\/li>\n<\/ul>\n\n\n\n<figure class=\"wp-block-image size-large\"><img data-recalc-dims=\"1\" loading=\"lazy\" decoding=\"async\" width=\"770\" height=\"770\" data-attachment-id=\"1127\" data-permalink=\"https:\/\/vtom.fr\/index.php\/quisommesnous\/75b924e9-b89c-48b8-860d-5f51f55b5f02\/\" data-orig-file=\"https:\/\/i0.wp.com\/vtom.fr\/wp-content\/uploads\/2023\/04\/75B924E9-B89C-48B8-860D-5F51F55B5F02-scaled.jpeg?fit=2560%2C2560&amp;ssl=1\" data-orig-size=\"2560,2560\" data-comments-opened=\"0\" data-image-meta=\"{&quot;aperture&quot;:&quot;1.5&quot;,&quot;credit&quot;:&quot;&quot;,&quot;camera&quot;:&quot;iPhone 13 Pro Max&quot;,&quot;caption&quot;:&quot;&quot;,&quot;created_timestamp&quot;:&quot;1678986939&quot;,&quot;copyright&quot;:&quot;&quot;,&quot;focal_length&quot;:&quot;5.7&quot;,&quot;iso&quot;:&quot;50&quot;,&quot;shutter_speed&quot;:&quot;0.0022321428571429&quot;,&quot;title&quot;:&quot;&quot;,&quot;orientation&quot;:&quot;1&quot;}\" data-image-title=\"75B924E9-B89C-48B8-860D-5F51F55B5F02\" data-image-description=\"\" data-image-caption=\"\" data-medium-file=\"https:\/\/i0.wp.com\/vtom.fr\/wp-content\/uploads\/2023\/04\/75B924E9-B89C-48B8-860D-5F51F55B5F02-scaled.jpeg?fit=300%2C300&amp;ssl=1\" data-large-file=\"https:\/\/i0.wp.com\/vtom.fr\/wp-content\/uploads\/2023\/04\/75B924E9-B89C-48B8-860D-5F51F55B5F02-scaled.jpeg?fit=770%2C770&amp;ssl=1\" src=\"https:\/\/i0.wp.com\/vtom.fr\/wp-content\/uploads\/2023\/04\/75B924E9-B89C-48B8-860D-5F51F55B5F02.jpeg?resize=770%2C770&#038;ssl=1\" alt=\"\" class=\"wp-image-1127\" srcset=\"https:\/\/i0.wp.com\/vtom.fr\/wp-content\/uploads\/2023\/04\/75B924E9-B89C-48B8-860D-5F51F55B5F02-scaled.jpeg?resize=1024%2C1024&amp;ssl=1 1024w, https:\/\/i0.wp.com\/vtom.fr\/wp-content\/uploads\/2023\/04\/75B924E9-B89C-48B8-860D-5F51F55B5F02-scaled.jpeg?resize=300%2C300&amp;ssl=1 300w, https:\/\/i0.wp.com\/vtom.fr\/wp-content\/uploads\/2023\/04\/75B924E9-B89C-48B8-860D-5F51F55B5F02-scaled.jpeg?resize=150%2C150&amp;ssl=1 150w, https:\/\/i0.wp.com\/vtom.fr\/wp-content\/uploads\/2023\/04\/75B924E9-B89C-48B8-860D-5F51F55B5F02-scaled.jpeg?resize=768%2C768&amp;ssl=1 768w, https:\/\/i0.wp.com\/vtom.fr\/wp-content\/uploads\/2023\/04\/75B924E9-B89C-48B8-860D-5F51F55B5F02-scaled.jpeg?resize=1536%2C1536&amp;ssl=1 1536w, https:\/\/i0.wp.com\/vtom.fr\/wp-content\/uploads\/2023\/04\/75B924E9-B89C-48B8-860D-5F51F55B5F02-scaled.jpeg?resize=2048%2C2048&amp;ssl=1 2048w, https:\/\/i0.wp.com\/vtom.fr\/wp-content\/uploads\/2023\/04\/75B924E9-B89C-48B8-860D-5F51F55B5F02-scaled.jpeg?resize=370%2C370&amp;ssl=1 370w, https:\/\/i0.wp.com\/vtom.fr\/wp-content\/uploads\/2023\/04\/75B924E9-B89C-48B8-860D-5F51F55B5F02-scaled.jpeg?resize=60%2C60&amp;ssl=1 60w, https:\/\/i0.wp.com\/vtom.fr\/wp-content\/uploads\/2023\/04\/75B924E9-B89C-48B8-860D-5F51F55B5F02-scaled.jpeg?resize=600%2C600&amp;ssl=1 600w, https:\/\/i0.wp.com\/vtom.fr\/wp-content\/uploads\/2023\/04\/75B924E9-B89C-48B8-860D-5F51F55B5F02-scaled.jpeg?resize=100%2C100&amp;ssl=1 100w, https:\/\/i0.wp.com\/vtom.fr\/wp-content\/uploads\/2023\/04\/75B924E9-B89C-48B8-860D-5F51F55B5F02-scaled.jpeg?w=2310&amp;ssl=1 2310w\" sizes=\"auto, (max-width: 770px) 100vw, 770px\" \/><\/figure>\n\n\n\n<ul class=\"wp-block-list\">\n<li>Depuis cinq ans nous avons aussi deux ROV Sous-marin capable de faire des images (Photos et vid\u00e9o 4K) par 100 M de fond.<\/li>\n<\/ul>\n\n\n\n<figure class=\"wp-block-image size-large\"><img data-recalc-dims=\"1\" loading=\"lazy\" decoding=\"async\" width=\"770\" height=\"770\" data-attachment-id=\"1059\" data-permalink=\"https:\/\/vtom.fr\/index.php\/quisommesnous\/72ee3d09-d34b-4c93-912a-e9a366011907\/\" data-orig-file=\"https:\/\/i0.wp.com\/vtom.fr\/wp-content\/uploads\/2022\/05\/72EE3D09-D34B-4C93-912A-E9A366011907-e1652705941630.jpg?fit=1500%2C1500&amp;ssl=1\" data-orig-size=\"1500,1500\" data-comments-opened=\"0\" data-image-meta=\"{&quot;aperture&quot;:&quot;0&quot;,&quot;credit&quot;:&quot;&quot;,&quot;camera&quot;:&quot;&quot;,&quot;caption&quot;:&quot;&quot;,&quot;created_timestamp&quot;:&quot;1629297493&quot;,&quot;copyright&quot;:&quot;&quot;,&quot;focal_length&quot;:&quot;0&quot;,&quot;iso&quot;:&quot;0&quot;,&quot;shutter_speed&quot;:&quot;0&quot;,&quot;title&quot;:&quot;&quot;,&quot;orientation&quot;:&quot;1&quot;}\" data-image-title=\"72EE3D09-D34B-4C93-912A-E9A366011907\" data-image-description=\"\" data-image-caption=\"\" data-medium-file=\"https:\/\/i0.wp.com\/vtom.fr\/wp-content\/uploads\/2022\/05\/72EE3D09-D34B-4C93-912A-E9A366011907-e1652705941630.jpg?fit=300%2C300&amp;ssl=1\" data-large-file=\"https:\/\/i0.wp.com\/vtom.fr\/wp-content\/uploads\/2022\/05\/72EE3D09-D34B-4C93-912A-E9A366011907-e1652705941630.jpg?fit=770%2C770&amp;ssl=1\" src=\"https:\/\/i0.wp.com\/vtom.fr\/wp-content\/uploads\/2022\/05\/72EE3D09-D34B-4C93-912A-E9A366011907-1024x1024.jpg?resize=770%2C770&#038;ssl=1\" alt=\"\" class=\"wp-image-1059\"\/><figcaption class=\"wp-element-caption\">QYSEA Fifish V6 et V6s (Cables 100 M)<\/figcaption><\/figure>\n\n\n\n<ul class=\"wp-block-list\">\n<li>Notre mat\u00e9riel est \u00e0 la pointe de la technologie et nous investissons sans cesse dans de nouveaux \u00e9quipements afin de toujours mieux vous satisfaire.<\/li>\n<\/ul>\n\n\n\n<p>Ils ont choisi de nous faire confiance:<br><strong>Bud Racing, Cr\u00e9a Sud, Whip Motion, Mike Parisy, Formula Kids, Pau Commerces, Ville de PAU, Base de Pop, KLAUD9, Mariage.net, Delcourt Immobilier, VT M\u00e9dias, UBSCANS, JX Sport, Automoto La Chaine, YCF, PAP, WallMarket, Lightshop, Positive jump PAU, Mariage.net, Maison Laguilhon, Fitness Boutique, Day by Day, Picthouse&#8230;<\/strong><\/p>\n","protected":false},"excerpt":{"rendered":"<p>Avec plus de 17 ans d&rsquo;exp\u00e9rience dans la photo sportive, principalement de sports m\u00e9caniques, ancien patron de presse, r\u00e9dacteur en chef et directeur de publications de magazines papier. (MiniMoto Magazine, Freestyle Motocross Magazine et BMX Racer). Early adopter sur les nouvelles technologies, et passionn\u00e9 de sport en tous genres, je mets aujourd&rsquo;hui \u00e0 votre disposition &hellip; <\/p>\n","protected":false},"author":3,"featured_media":0,"parent":0,"menu_order":0,"comment_status":"closed","ping_status":"closed","template":"","meta":{"jetpack_post_was_ever_published":false,"footnotes":""},"class_list":["post-2","page","type-page","status-publish","hentry"],"jetpack_sharing_enabled":true,"jetpack_shortlink":"https:\/\/wp.me\/P7Ct3F-2","jetpack-related-posts":[],"_links":{"self":[{"href":"https:\/\/vtom.fr\/index.php\/wp-json\/wp\/v2\/pages\/2","targetHints":{"allow":["GET"]}}],"collection":[{"href":"https:\/\/vtom.fr\/index.php\/wp-json\/wp\/v2\/pages"}],"about":[{"href":"https:\/\/vtom.fr\/index.php\/wp-json\/wp\/v2\/types\/page"}],"author":[{"embeddable":true,"href":"https:\/\/vtom.fr\/index.php\/wp-json\/wp\/v2\/users\/3"}],"replies":[{"embeddable":true,"href":"https:\/\/vtom.fr\/index.php\/wp-json\/wp\/v2\/comments?post=2"}],"version-history":[{"count":145,"href":"https:\/\/vtom.fr\/index.php\/wp-json\/wp\/v2\/pages\/2\/revisions"}],"predecessor-version":[{"id":1155,"href":"https:\/\/vtom.fr\/index.php\/wp-json\/wp\/v2\/pages\/2\/revisions\/1155"}],"wp:attachment":[{"href":"https:\/\/vtom.fr\/index.php\/wp-json\/wp\/v2\/media?parent=2"}],"curies":[{"name":"wp","href":"https:\/\/api.w.org\/{rel}","templated":true}]}}