{"id":35,"date":"2016-06-07T17:09:52","date_gmt":"2016-06-07T16:09:52","guid":{"rendered":"http:\/\/vtom.fr\/?page_id=35"},"modified":"2021-05-10T13:26:43","modified_gmt":"2021-05-10T12:26:43","slug":"photos","status":"publish","type":"page","link":"https:\/\/vtom.fr\/index.php\/photos\/","title":{"rendered":"Photos"},"content":{"rendered":"<p>Photographe professionnel pour la presse magazine depuis 2009, j&rsquo;ai au fil des ann\u00e9es engrang\u00e9es une solide exp\u00e9rience dans les photos \u00ab\u00a0Action Sports\u00a0\u00bb. &nbsp;<\/p>\n<p>Avec le temps et les opportunit\u00e9es j&rsquo;ai \u00e9largi&nbsp;mon domaine de comp\u00e9tence \u00e0 la photo en g\u00e9n\u00e9ral et mon mat\u00e9riel est adaptable \u00e0 presque toutes les situations de prises de vues.<\/p>\n<p>Voici quelques clich\u00e9s personnels pour illustrer mes comp\u00e9tences.<\/p>\n\n\n<figure class=\"wp-block-gallery columns-3 is-cropped wp-block-gallery-1 is-layout-flex wp-block-gallery-is-layout-flex\"><ul class=\"blocks-gallery-grid\"><li class=\"blocks-gallery-item\"><figure><img data-recalc-dims=\"1\" loading=\"lazy\" decoding=\"async\" width=\"770\" height=\"509\" data-attachment-id=\"96\" data-permalink=\"https:\/\/vtom.fr\/index.php\/photos\/exemplestudio1\/\" data-orig-file=\"https:\/\/i0.wp.com\/vtom.fr\/wp-content\/uploads\/2016\/06\/ExempleStudio1.jpg?fit=1000%2C661&amp;ssl=1\" data-orig-size=\"1000,661\" data-comments-opened=\"1\" data-image-meta=\"{&quot;aperture&quot;:&quot;8&quot;,&quot;credit&quot;:&quot;Vincent TOMASETiG&quot;,&quot;camera&quot;:&quot;NIKON D4S&quot;,&quot;caption&quot;:&quot;&quot;,&quot;created_timestamp&quot;:&quot;1481573791&quot;,&quot;copyright&quot;:&quot;VITOM 2014&quot;,&quot;focal_length&quot;:&quot;52&quot;,&quot;iso&quot;:&quot;200&quot;,&quot;shutter_speed&quot;:&quot;0.005&quot;,&quot;title&quot;:&quot;&quot;,&quot;orientation&quot;:&quot;1&quot;}\" data-image-title=\"Studio\" data-image-description=\"\" data-image-caption=\"&lt;p&gt;Studio&lt;\/p&gt;\n\" data-medium-file=\"https:\/\/i0.wp.com\/vtom.fr\/wp-content\/uploads\/2016\/06\/ExempleStudio1.jpg?fit=300%2C198&amp;ssl=1\" data-large-file=\"https:\/\/i0.wp.com\/vtom.fr\/wp-content\/uploads\/2016\/06\/ExempleStudio1.jpg?fit=770%2C509&amp;ssl=1\" src=\"https:\/\/i0.wp.com\/vtom.fr\/wp-content\/uploads\/2016\/06\/ExempleStudio1.jpg?resize=770%2C509\" alt=\"\" data-id=\"96\" data-full-url=\"http:\/\/vtom.fr\/wp-content\/uploads\/2016\/06\/ExempleStudio1.jpg\" data-link=\"http:\/\/vtom.fr\/index.php\/photos\/exemplestudio1\/\" class=\"wp-image-96\" srcset=\"https:\/\/i0.wp.com\/vtom.fr\/wp-content\/uploads\/2016\/06\/ExempleStudio1.jpg?w=1000&amp;ssl=1 1000w, https:\/\/i0.wp.com\/vtom.fr\/wp-content\/uploads\/2016\/06\/ExempleStudio1.jpg?resize=300%2C198&amp;ssl=1 300w, https:\/\/i0.wp.com\/vtom.fr\/wp-content\/uploads\/2016\/06\/ExempleStudio1.jpg?resize=768%2C508&amp;ssl=1 768w\" sizes=\"auto, (max-width: 770px) 100vw, 770px\" \/><figcaption class=\"blocks-gallery-item__caption\">Studio<\/figcaption><\/figure><\/li><li class=\"blocks-gallery-item\"><figure><img data-recalc-dims=\"1\" loading=\"lazy\" decoding=\"async\" width=\"770\" height=\"449\" data-attachment-id=\"99\" data-permalink=\"https:\/\/vtom.fr\/index.php\/photos\/levyfree4style2016\/\" data-orig-file=\"https:\/\/i0.wp.com\/vtom.fr\/wp-content\/uploads\/2016\/06\/LEVYFREE4STYLE2016.jpg?fit=1000%2C583&amp;ssl=1\" data-orig-size=\"1000,583\" data-comments-opened=\"1\" data-image-meta=\"{&quot;aperture&quot;:&quot;5.6&quot;,&quot;credit&quot;:&quot;Vincent TOMASETiG&quot;,&quot;camera&quot;:&quot;NIKON D4S&quot;,&quot;caption&quot;:&quot;&quot;,&quot;created_timestamp&quot;:&quot;1467475535&quot;,&quot;copyright&quot;:&quot;VITOM 2014&quot;,&quot;focal_length&quot;:&quot;280&quot;,&quot;iso&quot;:&quot;400&quot;,&quot;shutter_speed&quot;:&quot;0.0005&quot;,&quot;title&quot;:&quot;&quot;,&quot;orientation&quot;:&quot;1&quot;}\" data-image-title=\"Freestyle Motocross\" data-image-description=\"\" data-image-caption=\"&lt;p&gt;Freestyle Motocross&lt;\/p&gt;\n\" data-medium-file=\"https:\/\/i0.wp.com\/vtom.fr\/wp-content\/uploads\/2016\/06\/LEVYFREE4STYLE2016.jpg?fit=300%2C175&amp;ssl=1\" data-large-file=\"https:\/\/i0.wp.com\/vtom.fr\/wp-content\/uploads\/2016\/06\/LEVYFREE4STYLE2016.jpg?fit=770%2C449&amp;ssl=1\" src=\"https:\/\/i0.wp.com\/vtom.fr\/wp-content\/uploads\/2016\/06\/LEVYFREE4STYLE2016.jpg?resize=770%2C449\" alt=\"\" data-id=\"99\" data-full-url=\"http:\/\/vtom.fr\/wp-content\/uploads\/2016\/06\/LEVYFREE4STYLE2016.jpg\" data-link=\"http:\/\/vtom.fr\/index.php\/photos\/levyfree4style2016\/\" class=\"wp-image-99\" srcset=\"https:\/\/i0.wp.com\/vtom.fr\/wp-content\/uploads\/2016\/06\/LEVYFREE4STYLE2016.jpg?w=1000&amp;ssl=1 1000w, https:\/\/i0.wp.com\/vtom.fr\/wp-content\/uploads\/2016\/06\/LEVYFREE4STYLE2016.jpg?resize=300%2C175&amp;ssl=1 300w, https:\/\/i0.wp.com\/vtom.fr\/wp-content\/uploads\/2016\/06\/LEVYFREE4STYLE2016.jpg?resize=768%2C448&amp;ssl=1 768w\" sizes=\"auto, (max-width: 770px) 100vw, 770px\" \/><figcaption class=\"blocks-gallery-item__caption\">Motocross Freestyle<\/figcaption><\/figure><\/li><li class=\"blocks-gallery-item\"><figure><img data-recalc-dims=\"1\" loading=\"lazy\" decoding=\"async\" width=\"770\" height=\"491\" data-attachment-id=\"102\" data-permalink=\"https:\/\/vtom.fr\/index.php\/photos\/jacob\/\" data-orig-file=\"https:\/\/i0.wp.com\/vtom.fr\/wp-content\/uploads\/2016\/06\/JACOB.jpg?fit=1000%2C638&amp;ssl=1\" data-orig-size=\"1000,638\" data-comments-opened=\"1\" data-image-meta=\"{&quot;aperture&quot;:&quot;6.3&quot;,&quot;credit&quot;:&quot;Vincent TOMASETiG&quot;,&quot;camera&quot;:&quot;NIKON D4S&quot;,&quot;caption&quot;:&quot;&quot;,&quot;created_timestamp&quot;:&quot;1428247245&quot;,&quot;copyright&quot;:&quot;VITOM 2014&quot;,&quot;focal_length&quot;:&quot;600&quot;,&quot;iso&quot;:&quot;400&quot;,&quot;shutter_speed&quot;:&quot;0.001&quot;,&quot;title&quot;:&quot;&quot;,&quot;orientation&quot;:&quot;1&quot;}\" data-image-title=\"Karting\" data-image-description=\"\" data-image-caption=\"&lt;p&gt;Karting&lt;\/p&gt;\n\" data-medium-file=\"https:\/\/i0.wp.com\/vtom.fr\/wp-content\/uploads\/2016\/06\/JACOB.jpg?fit=300%2C191&amp;ssl=1\" data-large-file=\"https:\/\/i0.wp.com\/vtom.fr\/wp-content\/uploads\/2016\/06\/JACOB.jpg?fit=770%2C491&amp;ssl=1\" src=\"https:\/\/i0.wp.com\/vtom.fr\/wp-content\/uploads\/2016\/06\/JACOB.jpg?resize=770%2C491\" alt=\"\" data-id=\"102\" data-full-url=\"http:\/\/vtom.fr\/wp-content\/uploads\/2016\/06\/JACOB.jpg\" data-link=\"http:\/\/vtom.fr\/index.php\/photos\/jacob\/\" class=\"wp-image-102\" srcset=\"https:\/\/i0.wp.com\/vtom.fr\/wp-content\/uploads\/2016\/06\/JACOB.jpg?w=1000&amp;ssl=1 1000w, https:\/\/i0.wp.com\/vtom.fr\/wp-content\/uploads\/2016\/06\/JACOB.jpg?resize=300%2C191&amp;ssl=1 300w, https:\/\/i0.wp.com\/vtom.fr\/wp-content\/uploads\/2016\/06\/JACOB.jpg?resize=768%2C490&amp;ssl=1 768w\" sizes=\"auto, (max-width: 770px) 100vw, 770px\" \/><figcaption class=\"blocks-gallery-item__caption\">Karting<\/figcaption><\/figure><\/li><li class=\"blocks-gallery-item\"><figure><img data-recalc-dims=\"1\" loading=\"lazy\" decoding=\"async\" width=\"770\" height=\"481\" data-attachment-id=\"103\" data-permalink=\"https:\/\/vtom.fr\/index.php\/photos\/cross\/\" data-orig-file=\"https:\/\/i0.wp.com\/vtom.fr\/wp-content\/uploads\/2016\/06\/CROSS.jpg?fit=1000%2C625&amp;ssl=1\" data-orig-size=\"1000,625\" data-comments-opened=\"1\" data-image-meta=\"{&quot;aperture&quot;:&quot;0&quot;,&quot;credit&quot;:&quot;&quot;,&quot;camera&quot;:&quot;&quot;,&quot;caption&quot;:&quot;&quot;,&quot;created_timestamp&quot;:&quot;0&quot;,&quot;copyright&quot;:&quot;&quot;,&quot;focal_length&quot;:&quot;0&quot;,&quot;iso&quot;:&quot;0&quot;,&quot;shutter_speed&quot;:&quot;0&quot;,&quot;title&quot;:&quot;&quot;,&quot;orientation&quot;:&quot;1&quot;}\" data-image-title=\"Motocross\" data-image-description=\"\" data-image-caption=\"&lt;p&gt;Motocross&lt;\/p&gt;\n\" data-medium-file=\"https:\/\/i0.wp.com\/vtom.fr\/wp-content\/uploads\/2016\/06\/CROSS.jpg?fit=300%2C188&amp;ssl=1\" data-large-file=\"https:\/\/i0.wp.com\/vtom.fr\/wp-content\/uploads\/2016\/06\/CROSS.jpg?fit=770%2C481&amp;ssl=1\" src=\"https:\/\/i0.wp.com\/vtom.fr\/wp-content\/uploads\/2016\/06\/CROSS.jpg?resize=770%2C481\" alt=\"\" data-id=\"103\" data-full-url=\"http:\/\/vtom.fr\/wp-content\/uploads\/2016\/06\/CROSS.jpg\" data-link=\"http:\/\/vtom.fr\/index.php\/photos\/cross\/\" class=\"wp-image-103\" srcset=\"https:\/\/i0.wp.com\/vtom.fr\/wp-content\/uploads\/2016\/06\/CROSS.jpg?w=1000&amp;ssl=1 1000w, https:\/\/i0.wp.com\/vtom.fr\/wp-content\/uploads\/2016\/06\/CROSS.jpg?resize=300%2C188&amp;ssl=1 300w, https:\/\/i0.wp.com\/vtom.fr\/wp-content\/uploads\/2016\/06\/CROSS.jpg?resize=768%2C480&amp;ssl=1 768w\" sizes=\"auto, (max-width: 770px) 100vw, 770px\" \/><figcaption class=\"blocks-gallery-item__caption\">Motocross<\/figcaption><\/figure><\/li><li class=\"blocks-gallery-item\"><figure><img data-recalc-dims=\"1\" loading=\"lazy\" decoding=\"async\" width=\"770\" height=\"412\" data-attachment-id=\"104\" data-permalink=\"https:\/\/vtom.fr\/index.php\/photos\/ny\/\" data-orig-file=\"https:\/\/i0.wp.com\/vtom.fr\/wp-content\/uploads\/2016\/06\/NY.jpg?fit=1000%2C535&amp;ssl=1\" data-orig-size=\"1000,535\" data-comments-opened=\"1\" data-image-meta=\"{&quot;aperture&quot;:&quot;10&quot;,&quot;credit&quot;:&quot;Vincent Tomasetig&quot;,&quot;camera&quot;:&quot;NIKON D750&quot;,&quot;caption&quot;:&quot;&quot;,&quot;created_timestamp&quot;:&quot;1462028888&quot;,&quot;copyright&quot;:&quot;VITOM 2016&quot;,&quot;focal_length&quot;:&quot;32&quot;,&quot;iso&quot;:&quot;400&quot;,&quot;shutter_speed&quot;:&quot;0.0008&quot;,&quot;title&quot;:&quot;&quot;,&quot;orientation&quot;:&quot;1&quot;}\" data-image-title=\"Paysage\" data-image-description=\"\" data-image-caption=\"&lt;p&gt;Paysage&lt;\/p&gt;\n\" data-medium-file=\"https:\/\/i0.wp.com\/vtom.fr\/wp-content\/uploads\/2016\/06\/NY.jpg?fit=300%2C161&amp;ssl=1\" data-large-file=\"https:\/\/i0.wp.com\/vtom.fr\/wp-content\/uploads\/2016\/06\/NY.jpg?fit=770%2C412&amp;ssl=1\" src=\"https:\/\/i0.wp.com\/vtom.fr\/wp-content\/uploads\/2016\/06\/NY.jpg?resize=770%2C412\" alt=\"\" data-id=\"104\" data-full-url=\"http:\/\/vtom.fr\/wp-content\/uploads\/2016\/06\/NY.jpg\" data-link=\"http:\/\/vtom.fr\/index.php\/photos\/ny\/\" class=\"wp-image-104\" srcset=\"https:\/\/i0.wp.com\/vtom.fr\/wp-content\/uploads\/2016\/06\/NY.jpg?w=1000&amp;ssl=1 1000w, https:\/\/i0.wp.com\/vtom.fr\/wp-content\/uploads\/2016\/06\/NY.jpg?resize=300%2C161&amp;ssl=1 300w, https:\/\/i0.wp.com\/vtom.fr\/wp-content\/uploads\/2016\/06\/NY.jpg?resize=768%2C411&amp;ssl=1 768w\" sizes=\"auto, (max-width: 770px) 100vw, 770px\" \/><figcaption class=\"blocks-gallery-item__caption\">Paysage<\/figcaption><\/figure><\/li><li class=\"blocks-gallery-item\"><figure><img data-recalc-dims=\"1\" loading=\"lazy\" decoding=\"async\" width=\"770\" height=\"473\" data-attachment-id=\"106\" data-permalink=\"https:\/\/vtom.fr\/index.php\/photos\/fullmoonnov2016\/\" data-orig-file=\"https:\/\/i0.wp.com\/vtom.fr\/wp-content\/uploads\/2016\/06\/FULLMOONnov2016.jpg?fit=1000%2C614&amp;ssl=1\" data-orig-size=\"1000,614\" data-comments-opened=\"1\" data-image-meta=\"{&quot;aperture&quot;:&quot;6.3&quot;,&quot;credit&quot;:&quot;Vincent Tomasetig&quot;,&quot;camera&quot;:&quot;NIKON D750&quot;,&quot;caption&quot;:&quot;&quot;,&quot;created_timestamp&quot;:&quot;1479162767&quot;,&quot;copyright&quot;:&quot;VITOM 2016&quot;,&quot;focal_length&quot;:&quot;600&quot;,&quot;iso&quot;:&quot;400&quot;,&quot;shutter_speed&quot;:&quot;0.0025&quot;,&quot;title&quot;:&quot;&quot;,&quot;orientation&quot;:&quot;1&quot;}\" data-image-title=\"Fullmoon\" data-image-description=\"\" data-image-caption=\"&lt;p&gt;Fullmoon&lt;\/p&gt;\n\" data-medium-file=\"https:\/\/i0.wp.com\/vtom.fr\/wp-content\/uploads\/2016\/06\/FULLMOONnov2016.jpg?fit=300%2C184&amp;ssl=1\" data-large-file=\"https:\/\/i0.wp.com\/vtom.fr\/wp-content\/uploads\/2016\/06\/FULLMOONnov2016.jpg?fit=770%2C473&amp;ssl=1\" src=\"https:\/\/i0.wp.com\/vtom.fr\/wp-content\/uploads\/2016\/06\/FULLMOONnov2016.jpg?resize=770%2C473\" alt=\"\" data-id=\"106\" data-full-url=\"http:\/\/vtom.fr\/wp-content\/uploads\/2016\/06\/FULLMOONnov2016.jpg\" data-link=\"http:\/\/vtom.fr\/index.php\/photos\/fullmoonnov2016\/\" class=\"wp-image-106\" srcset=\"https:\/\/i0.wp.com\/vtom.fr\/wp-content\/uploads\/2016\/06\/FULLMOONnov2016.jpg?w=1000&amp;ssl=1 1000w, https:\/\/i0.wp.com\/vtom.fr\/wp-content\/uploads\/2016\/06\/FULLMOONnov2016.jpg?resize=300%2C184&amp;ssl=1 300w, https:\/\/i0.wp.com\/vtom.fr\/wp-content\/uploads\/2016\/06\/FULLMOONnov2016.jpg?resize=768%2C472&amp;ssl=1 768w\" sizes=\"auto, (max-width: 770px) 100vw, 770px\" \/><figcaption class=\"blocks-gallery-item__caption\">Fullmoon<\/figcaption><\/figure><\/li><li class=\"blocks-gallery-item\"><figure><img data-recalc-dims=\"1\" loading=\"lazy\" decoding=\"async\" width=\"770\" height=\"514\" data-attachment-id=\"108\" data-permalink=\"https:\/\/vtom.fr\/index.php\/photos\/minismfred\/\" data-orig-file=\"https:\/\/i0.wp.com\/vtom.fr\/wp-content\/uploads\/2016\/06\/MINISMFRED.jpg?fit=1000%2C668&amp;ssl=1\" data-orig-size=\"1000,668\" data-comments-opened=\"1\" data-image-meta=\"{&quot;aperture&quot;:&quot;4&quot;,&quot;credit&quot;:&quot;Vincent Tomasetig&quot;,&quot;camera&quot;:&quot;NIKON D750&quot;,&quot;caption&quot;:&quot;&quot;,&quot;created_timestamp&quot;:&quot;1460714677&quot;,&quot;copyright&quot;:&quot;VITOM 2016&quot;,&quot;focal_length&quot;:&quot;70&quot;,&quot;iso&quot;:&quot;1600&quot;,&quot;shutter_speed&quot;:&quot;0.004&quot;,&quot;title&quot;:&quot;&quot;,&quot;orientation&quot;:&quot;1&quot;}\" data-image-title=\"Studio\" data-image-description=\"\" data-image-caption=\"&lt;p&gt;Studio&lt;\/p&gt;\n\" data-medium-file=\"https:\/\/i0.wp.com\/vtom.fr\/wp-content\/uploads\/2016\/06\/MINISMFRED.jpg?fit=300%2C200&amp;ssl=1\" data-large-file=\"https:\/\/i0.wp.com\/vtom.fr\/wp-content\/uploads\/2016\/06\/MINISMFRED.jpg?fit=770%2C514&amp;ssl=1\" src=\"https:\/\/i0.wp.com\/vtom.fr\/wp-content\/uploads\/2016\/06\/MINISMFRED.jpg?resize=770%2C514\" alt=\"\" data-id=\"108\" data-full-url=\"http:\/\/vtom.fr\/wp-content\/uploads\/2016\/06\/MINISMFRED.jpg\" data-link=\"http:\/\/vtom.fr\/index.php\/photos\/minismfred\/\" class=\"wp-image-108\" srcset=\"https:\/\/i0.wp.com\/vtom.fr\/wp-content\/uploads\/2016\/06\/MINISMFRED.jpg?w=1000&amp;ssl=1 1000w, https:\/\/i0.wp.com\/vtom.fr\/wp-content\/uploads\/2016\/06\/MINISMFRED.jpg?resize=300%2C200&amp;ssl=1 300w, https:\/\/i0.wp.com\/vtom.fr\/wp-content\/uploads\/2016\/06\/MINISMFRED.jpg?resize=768%2C513&amp;ssl=1 768w\" sizes=\"auto, (max-width: 770px) 100vw, 770px\" \/><figcaption class=\"blocks-gallery-item__caption\">Studio<\/figcaption><\/figure><\/li><li class=\"blocks-gallery-item\"><figure><img data-recalc-dims=\"1\" loading=\"lazy\" decoding=\"async\" width=\"770\" height=\"512\" data-attachment-id=\"112\" data-permalink=\"https:\/\/vtom.fr\/index.php\/photos\/madrid2013\/\" data-orig-file=\"https:\/\/i0.wp.com\/vtom.fr\/wp-content\/uploads\/2016\/06\/Madrid2013.jpg?fit=1000%2C665&amp;ssl=1\" data-orig-size=\"1000,665\" data-comments-opened=\"1\" data-image-meta=\"{&quot;aperture&quot;:&quot;2.8&quot;,&quot;credit&quot;:&quot;VITOM VTMEDIAS&quot;,&quot;camera&quot;:&quot;NIKON D3&quot;,&quot;caption&quot;:&quot;&quot;,&quot;created_timestamp&quot;:&quot;1374271565&quot;,&quot;copyright&quot;:&quot;VITOM VT MEDIAS&quot;,&quot;focal_length&quot;:&quot;200&quot;,&quot;iso&quot;:&quot;1000&quot;,&quot;shutter_speed&quot;:&quot;0.0015625&quot;,&quot;title&quot;:&quot;&quot;,&quot;orientation&quot;:&quot;1&quot;}\" data-image-title=\"Freestyle Motocross de nuit\" data-image-description=\"\" data-image-caption=\"&lt;p&gt;Freestyle Motocross de nuit&lt;\/p&gt;\n\" data-medium-file=\"https:\/\/i0.wp.com\/vtom.fr\/wp-content\/uploads\/2016\/06\/Madrid2013.jpg?fit=300%2C200&amp;ssl=1\" data-large-file=\"https:\/\/i0.wp.com\/vtom.fr\/wp-content\/uploads\/2016\/06\/Madrid2013.jpg?fit=770%2C512&amp;ssl=1\" src=\"https:\/\/i0.wp.com\/vtom.fr\/wp-content\/uploads\/2016\/06\/Madrid2013.jpg?resize=770%2C512\" alt=\"\" data-id=\"112\" data-full-url=\"http:\/\/vtom.fr\/wp-content\/uploads\/2016\/06\/Madrid2013.jpg\" data-link=\"http:\/\/vtom.fr\/index.php\/photos\/madrid2013\/\" class=\"wp-image-112\" srcset=\"https:\/\/i0.wp.com\/vtom.fr\/wp-content\/uploads\/2016\/06\/Madrid2013.jpg?w=1000&amp;ssl=1 1000w, https:\/\/i0.wp.com\/vtom.fr\/wp-content\/uploads\/2016\/06\/Madrid2013.jpg?resize=300%2C200&amp;ssl=1 300w, https:\/\/i0.wp.com\/vtom.fr\/wp-content\/uploads\/2016\/06\/Madrid2013.jpg?resize=768%2C511&amp;ssl=1 768w\" sizes=\"auto, (max-width: 770px) 100vw, 770px\" \/><figcaption class=\"blocks-gallery-item__caption\">Freestyle Motocross de nuit<\/figcaption><\/figure><\/li><li class=\"blocks-gallery-item\"><figure><img data-recalc-dims=\"1\" loading=\"lazy\" decoding=\"async\" width=\"770\" height=\"498\" data-attachment-id=\"116\" data-permalink=\"https:\/\/vtom.fr\/index.php\/photos\/adicheval\/\" data-orig-file=\"https:\/\/i0.wp.com\/vtom.fr\/wp-content\/uploads\/2016\/06\/ADICHEVAL.jpg?fit=1000%2C647&amp;ssl=1\" data-orig-size=\"1000,647\" data-comments-opened=\"1\" data-image-meta=\"{&quot;aperture&quot;:&quot;4&quot;,&quot;credit&quot;:&quot;Vincent TOMASETiG&quot;,&quot;camera&quot;:&quot;NIKON D4S&quot;,&quot;caption&quot;:&quot;&quot;,&quot;created_timestamp&quot;:&quot;1421594556&quot;,&quot;copyright&quot;:&quot;VITOM 2014&quot;,&quot;focal_length&quot;:&quot;200&quot;,&quot;iso&quot;:&quot;400&quot;,&quot;shutter_speed&quot;:&quot;0.0025&quot;,&quot;title&quot;:&quot;&quot;,&quot;orientation&quot;:&quot;1&quot;}\" data-image-title=\"Cheval\" data-image-description=\"\" data-image-caption=\"&lt;p&gt;Cheval&lt;\/p&gt;\n\" data-medium-file=\"https:\/\/i0.wp.com\/vtom.fr\/wp-content\/uploads\/2016\/06\/ADICHEVAL.jpg?fit=300%2C194&amp;ssl=1\" data-large-file=\"https:\/\/i0.wp.com\/vtom.fr\/wp-content\/uploads\/2016\/06\/ADICHEVAL.jpg?fit=770%2C498&amp;ssl=1\" src=\"https:\/\/i0.wp.com\/vtom.fr\/wp-content\/uploads\/2016\/06\/ADICHEVAL.jpg?resize=770%2C498\" alt=\"\" data-id=\"116\" data-full-url=\"http:\/\/vtom.fr\/wp-content\/uploads\/2016\/06\/ADICHEVAL.jpg\" data-link=\"http:\/\/vtom.fr\/index.php\/photos\/adicheval\/\" class=\"wp-image-116\" srcset=\"https:\/\/i0.wp.com\/vtom.fr\/wp-content\/uploads\/2016\/06\/ADICHEVAL.jpg?w=1000&amp;ssl=1 1000w, https:\/\/i0.wp.com\/vtom.fr\/wp-content\/uploads\/2016\/06\/ADICHEVAL.jpg?resize=300%2C194&amp;ssl=1 300w, https:\/\/i0.wp.com\/vtom.fr\/wp-content\/uploads\/2016\/06\/ADICHEVAL.jpg?resize=768%2C497&amp;ssl=1 768w\" sizes=\"auto, (max-width: 770px) 100vw, 770px\" \/><figcaption class=\"blocks-gallery-item__caption\">Equitation<\/figcaption><\/figure><\/li><li class=\"blocks-gallery-item\"><figure><img data-recalc-dims=\"1\" loading=\"lazy\" decoding=\"async\" width=\"770\" height=\"513\" data-attachment-id=\"164\" data-permalink=\"https:\/\/vtom.fr\/index.php\/photos\/bud-2017mini\/\" data-orig-file=\"https:\/\/i0.wp.com\/vtom.fr\/wp-content\/uploads\/2016\/06\/BUD-2017mini.jpg?fit=1000%2C666&amp;ssl=1\" data-orig-size=\"1000,666\" data-comments-opened=\"1\" data-image-meta=\"{&quot;aperture&quot;:&quot;4.5&quot;,&quot;credit&quot;:&quot;Vincent TOMASETiG&quot;,&quot;camera&quot;:&quot;NIKON D4S&quot;,&quot;caption&quot;:&quot;&quot;,&quot;created_timestamp&quot;:&quot;1489580876&quot;,&quot;copyright&quot;:&quot;VITOM 2017&quot;,&quot;focal_length&quot;:&quot;200&quot;,&quot;iso&quot;:&quot;200&quot;,&quot;shutter_speed&quot;:&quot;0.000625&quot;,&quot;title&quot;:&quot;&quot;,&quot;orientation&quot;:&quot;1&quot;}\" data-image-title=\"BUD-2017mini\" data-image-description=\"&lt;p&gt;Exemple de photo HDR.&lt;\/p&gt;\n\" data-image-caption=\"&lt;p&gt;HDR&lt;\/p&gt;\n\" data-medium-file=\"https:\/\/i0.wp.com\/vtom.fr\/wp-content\/uploads\/2016\/06\/BUD-2017mini.jpg?fit=300%2C200&amp;ssl=1\" data-large-file=\"https:\/\/i0.wp.com\/vtom.fr\/wp-content\/uploads\/2016\/06\/BUD-2017mini.jpg?fit=770%2C513&amp;ssl=1\" src=\"https:\/\/i0.wp.com\/vtom.fr\/wp-content\/uploads\/2016\/06\/BUD-2017mini.jpg?resize=770%2C513\" alt=\"\" data-id=\"164\" data-full-url=\"http:\/\/vtom.fr\/wp-content\/uploads\/2016\/06\/BUD-2017mini.jpg\" data-link=\"http:\/\/vtom.fr\/index.php\/photos\/bud-2017mini\/\" class=\"wp-image-164\" srcset=\"https:\/\/i0.wp.com\/vtom.fr\/wp-content\/uploads\/2016\/06\/BUD-2017mini.jpg?w=1000&amp;ssl=1 1000w, https:\/\/i0.wp.com\/vtom.fr\/wp-content\/uploads\/2016\/06\/BUD-2017mini.jpg?resize=300%2C200&amp;ssl=1 300w, https:\/\/i0.wp.com\/vtom.fr\/wp-content\/uploads\/2016\/06\/BUD-2017mini.jpg?resize=768%2C511&amp;ssl=1 768w\" sizes=\"auto, (max-width: 770px) 100vw, 770px\" \/><figcaption class=\"blocks-gallery-item__caption\">Exemple de photo HDR.<\/figcaption><\/figure><\/li><\/ul><\/figure>\n","protected":false},"excerpt":{"rendered":"<p>Photographe professionnel pour la presse magazine depuis 2009, j&rsquo;ai au fil des ann\u00e9es engrang\u00e9es une solide exp\u00e9rience dans les photos \u00ab\u00a0Action Sports\u00a0\u00bb. &nbsp; Avec le temps et les opportunit\u00e9es j&rsquo;ai \u00e9largi&nbsp;mon domaine de comp\u00e9tence \u00e0 la photo en g\u00e9n\u00e9ral et mon mat\u00e9riel est adaptable \u00e0 presque toutes les situations de prises de vues. Voici quelques &hellip; <\/p>\n","protected":false},"author":3,"featured_media":0,"parent":0,"menu_order":0,"comment_status":"closed","ping_status":"closed","template":"","meta":{"jetpack_post_was_ever_published":false,"footnotes":""},"class_list":["post-35","page","type-page","status-publish","hentry"],"jetpack_sharing_enabled":true,"jetpack_shortlink":"https:\/\/wp.me\/P7Ct3F-z","jetpack-related-posts":[],"_links":{"self":[{"href":"https:\/\/vtom.fr\/index.php\/wp-json\/wp\/v2\/pages\/35","targetHints":{"allow":["GET"]}}],"collection":[{"href":"https:\/\/vtom.fr\/index.php\/wp-json\/wp\/v2\/pages"}],"about":[{"href":"https:\/\/vtom.fr\/index.php\/wp-json\/wp\/v2\/types\/page"}],"author":[{"embeddable":true,"href":"https:\/\/vtom.fr\/index.php\/wp-json\/wp\/v2\/users\/3"}],"replies":[{"embeddable":true,"href":"https:\/\/vtom.fr\/index.php\/wp-json\/wp\/v2\/comments?post=35"}],"version-history":[{"count":23,"href":"https:\/\/vtom.fr\/index.php\/wp-json\/wp\/v2\/pages\/35\/revisions"}],"predecessor-version":[{"id":654,"href":"https:\/\/vtom.fr\/index.php\/wp-json\/wp\/v2\/pages\/35\/revisions\/654"}],"wp:attachment":[{"href":"https:\/\/vtom.fr\/index.php\/wp-json\/wp\/v2\/media?parent=35"}],"curies":[{"name":"wp","href":"https:\/\/api.w.org\/{rel}","templated":true}]}}