{"id":419,"date":"2020-06-09T11:16:14","date_gmt":"2020-06-09T10:16:14","guid":{"rendered":"http:\/\/vtom.fr\/?page_id=419"},"modified":"2023-04-13T10:19:01","modified_gmt":"2023-04-13T09:19:01","slug":"tarifs-prestations-drone","status":"publish","type":"page","link":"https:\/\/vtom.fr\/index.php\/tarifs\/tarifs-prestations-drone\/","title":{"rendered":"Tarifs des Prestations de photo\/vid\u00e9o par drone."},"content":{"rendered":"\n<p>Les prix list\u00e9s ci-dessous peuvent inclure les d\u00e9placements (Franchise kilom\u00e9trique de 30 Km autour de PAU), les post-traitements et peuvent varier en fonction de la complexit\u00e9 de votre projet. <\/p>\n\n\n\n<figure class=\"wp-block-table is-style-stripes\"><table><thead><tr><th>Type de prestation<\/th><th>Tarif<\/th><th>Dur\u00e9e moyenne<\/th><\/tr><\/thead><tbody><tr><td>Photos institutionnelles d&rsquo;appartement, maison, promoteur immobilier&#8230; <br>(Avec drone stabilis\u00e9 standard)<\/td><td>100\u20ac<\/td><td>1 heure<\/td><\/tr><tr><td>Panoramas 360\u00b0 (MAX 5)<\/td><td>100\u20ac<\/td><td>1 heure<\/td><\/tr><tr><td>Vid\u00e9os institutionnelles d&rsquo;appartement, maison, promoteur immobilier.<br>(Avec drone stabilis\u00e9 standard)<\/td><td>350\u20ac<\/td><td>1\/2 Journ\u00e9e<\/td><\/tr><tr><td>Montage vid\u00e9o \/ post Prod<\/td><td>250\u20ac<\/td><td>1\/2 Journ\u00e9e<\/td><\/tr><tr><td>Prises de vues vid\u00e9os FPV avec action cam ( GOPRO,&#8230; )<\/td><td>300\u20ac<\/td><td>3 heures<\/td><\/tr><\/tbody><\/table><figcaption class=\"wp-element-caption\">Pour plus d&rsquo;informations et un devis personnalis\u00e9 contactez-nous<\/figcaption><\/figure>\n\n\n\n<p>Des frais de demande d&rsquo;autorisation de vol pour les prises de vues a\u00e9riennes peuvent s&rsquo;ajouter en fonction de la localisation du tournage.<\/p>\n","protected":false},"excerpt":{"rendered":"<p>Les prix list\u00e9s ci-dessous peuvent inclure les d\u00e9placements (Franchise kilom\u00e9trique de 30 Km autour de PAU), les post-traitements et peuvent varier en fonction de la complexit\u00e9 de votre projet. Type de prestation Tarif Dur\u00e9e moyenne Photos institutionnelles d&rsquo;appartement, maison, promoteur immobilier&#8230; (Avec drone stabilis\u00e9 standard) 100\u20ac 1 heure Panoramas 360\u00b0 (MAX 5) 100\u20ac 1 heure &hellip; <\/p>\n","protected":false},"author":3,"featured_media":0,"parent":171,"menu_order":1,"comment_status":"closed","ping_status":"closed","template":"","meta":{"jetpack_post_was_ever_published":false,"footnotes":""},"class_list":["post-419","page","type-page","status-publish","hentry"],"jetpack_sharing_enabled":true,"jetpack_shortlink":"https:\/\/wp.me\/P7Ct3F-6L","jetpack-related-posts":[],"_links":{"self":[{"href":"https:\/\/vtom.fr\/index.php\/wp-json\/wp\/v2\/pages\/419","targetHints":{"allow":["GET"]}}],"collection":[{"href":"https:\/\/vtom.fr\/index.php\/wp-json\/wp\/v2\/pages"}],"about":[{"href":"https:\/\/vtom.fr\/index.php\/wp-json\/wp\/v2\/types\/page"}],"author":[{"embeddable":true,"href":"https:\/\/vtom.fr\/index.php\/wp-json\/wp\/v2\/users\/3"}],"replies":[{"embeddable":true,"href":"https:\/\/vtom.fr\/index.php\/wp-json\/wp\/v2\/comments?post=419"}],"version-history":[{"count":16,"href":"https:\/\/vtom.fr\/index.php\/wp-json\/wp\/v2\/pages\/419\/revisions"}],"predecessor-version":[{"id":1117,"href":"https:\/\/vtom.fr\/index.php\/wp-json\/wp\/v2\/pages\/419\/revisions\/1117"}],"up":[{"embeddable":true,"href":"https:\/\/vtom.fr\/index.php\/wp-json\/wp\/v2\/pages\/171"}],"wp:attachment":[{"href":"https:\/\/vtom.fr\/index.php\/wp-json\/wp\/v2\/media?parent=419"}],"curies":[{"name":"wp","href":"https:\/\/api.w.org\/{rel}","templated":true}]}}