{"id":43,"date":"2016-06-07T17:24:11","date_gmt":"2016-06-07T16:24:11","guid":{"rendered":"http:\/\/vtom.fr\/?page_id=43"},"modified":"2021-09-15T17:28:17","modified_gmt":"2021-09-15T16:28:17","slug":"videos-360","status":"publish","type":"page","link":"https:\/\/vtom.fr\/index.php\/videos-360\/","title":{"rendered":"Photos et Vid\u00e9os 360"},"content":{"rendered":"\n<p>Nous pouvons capter des photos ou videos \u00ab\u00a0Sph\u00e9rique\u00a0\u00bb 360 au sol, embarqu\u00e9 ou m\u00eame dans les air. Suivant vos besoin nous adapterons la ou les camera pour obtenir le rendu et la qualit\u00e9 souhait\u00e9e.<\/p>\n\n\n\n<figure class=\"wp-block-image alignnone\"><a href=\"https:\/\/i0.wp.com\/vtom.fr\/wp-content\/uploads\/2016\/06\/IMG_1303.jpg\"><img data-recalc-dims=\"1\" loading=\"lazy\" decoding=\"async\" width=\"770\" height=\"578\" data-attachment-id=\"135\" data-permalink=\"https:\/\/vtom.fr\/index.php\/videos-360\/img_1303\/\" data-orig-file=\"https:\/\/i0.wp.com\/vtom.fr\/wp-content\/uploads\/2016\/06\/IMG_1303.jpg?fit=1000%2C750&amp;ssl=1\" data-orig-size=\"1000,750\" data-comments-opened=\"1\" data-image-meta=\"{&quot;aperture&quot;:&quot;2.2&quot;,&quot;credit&quot;:&quot;&quot;,&quot;camera&quot;:&quot;iPhone 6s Plus&quot;,&quot;caption&quot;:&quot;&quot;,&quot;created_timestamp&quot;:&quot;1466332896&quot;,&quot;copyright&quot;:&quot;&quot;,&quot;focal_length&quot;:&quot;4.15&quot;,&quot;iso&quot;:&quot;25&quot;,&quot;shutter_speed&quot;:&quot;0.00085763293310463&quot;,&quot;title&quot;:&quot;&quot;,&quot;orientation&quot;:&quot;1&quot;}\" data-image-title=\"MZPau3602015\" data-image-description=\"\" data-image-caption=\"&lt;p&gt;Capture vid\u00e9o 360 avec SamsungGear 360.&lt;\/p&gt;\n\" data-medium-file=\"https:\/\/i0.wp.com\/vtom.fr\/wp-content\/uploads\/2016\/06\/IMG_1303.jpg?fit=300%2C225&amp;ssl=1\" data-large-file=\"https:\/\/i0.wp.com\/vtom.fr\/wp-content\/uploads\/2016\/06\/IMG_1303.jpg?fit=770%2C578&amp;ssl=1\" src=\"https:\/\/i0.wp.com\/vtom.fr\/wp-content\/uploads\/2016\/06\/IMG_1303.jpg?resize=770%2C578\" alt=\"\" class=\"wp-image-135\" srcset=\"https:\/\/i0.wp.com\/vtom.fr\/wp-content\/uploads\/2016\/06\/IMG_1303.jpg?w=1000&amp;ssl=1 1000w, https:\/\/i0.wp.com\/vtom.fr\/wp-content\/uploads\/2016\/06\/IMG_1303.jpg?resize=300%2C225&amp;ssl=1 300w, https:\/\/i0.wp.com\/vtom.fr\/wp-content\/uploads\/2016\/06\/IMG_1303.jpg?resize=768%2C576&amp;ssl=1 768w\" sizes=\"auto, (max-width: 770px) 100vw, 770px\" \/><\/a><figcaption>Capture vid\u00e9o 360 avec SamsungGear 360.<\/figcaption><\/figure>\n","protected":false},"excerpt":{"rendered":"<p>Nous pouvons capter des photos ou videos \u00ab\u00a0Sph\u00e9rique\u00a0\u00bb 360 au sol, embarqu\u00e9 ou m\u00eame dans les air. Suivant vos besoin nous adapterons la ou les camera pour obtenir le rendu et la qualit\u00e9 souhait\u00e9e.<\/p>\n","protected":false},"author":3,"featured_media":0,"parent":0,"menu_order":0,"comment_status":"closed","ping_status":"closed","template":"","meta":{"jetpack_post_was_ever_published":false,"footnotes":""},"class_list":["post-43","page","type-page","status-publish","hentry"],"jetpack_sharing_enabled":true,"jetpack_shortlink":"https:\/\/wp.me\/P7Ct3F-H","jetpack-related-posts":[],"_links":{"self":[{"href":"https:\/\/vtom.fr\/index.php\/wp-json\/wp\/v2\/pages\/43","targetHints":{"allow":["GET"]}}],"collection":[{"href":"https:\/\/vtom.fr\/index.php\/wp-json\/wp\/v2\/pages"}],"about":[{"href":"https:\/\/vtom.fr\/index.php\/wp-json\/wp\/v2\/types\/page"}],"author":[{"embeddable":true,"href":"https:\/\/vtom.fr\/index.php\/wp-json\/wp\/v2\/users\/3"}],"replies":[{"embeddable":true,"href":"https:\/\/vtom.fr\/index.php\/wp-json\/wp\/v2\/comments?post=43"}],"version-history":[{"count":9,"href":"https:\/\/vtom.fr\/index.php\/wp-json\/wp\/v2\/pages\/43\/revisions"}],"predecessor-version":[{"id":1019,"href":"https:\/\/vtom.fr\/index.php\/wp-json\/wp\/v2\/pages\/43\/revisions\/1019"}],"wp:attachment":[{"href":"https:\/\/vtom.fr\/index.php\/wp-json\/wp\/v2\/media?parent=43"}],"curies":[{"name":"wp","href":"https:\/\/api.w.org\/{rel}","templated":true}]}}