{"id":45,"date":"2021-01-01T17:24:00","date_gmt":"2021-01-01T16:24:00","guid":{"rendered":"http:\/\/vtom.fr\/?page_id=45"},"modified":"2025-11-03T14:42:25","modified_gmt":"2025-11-03T13:42:25","slug":"drone","status":"publish","type":"page","link":"https:\/\/vtom.fr\/index.php\/drone\/","title":{"rendered":"Drone"},"content":{"rendered":"\n<p>Nous utilisons plusieurs drones (Stabilis\u00e9s ou FPV) en fonction des besoins de prise de vues, des caract\u00e9ristiques d&rsquo;utilisation, des r\u00e9glementations en vigueur, mais aussi pour entrer dans les limites de votre budget.<\/p>\n\n\n\n<p>Notre flotte de drone comprend:<br><br>&#8211; Un DJI Mavic PRO 3 Classic<br>&#8211; Un DJI Mavic Mini 4 PRO<br><br>Ainsi que de nombreux drones FPV, du Whoop de 250g au gros porteur capable de faire voler une cam\u00e9ra de 2 Kg.<\/p>\n\n\n\n<figure class=\"wp-block-image size-large\"><img data-recalc-dims=\"1\" loading=\"lazy\" decoding=\"async\" width=\"770\" height=\"578\" data-attachment-id=\"1103\" data-permalink=\"https:\/\/vtom.fr\/index.php\/drone\/img_396e\/\" data-orig-file=\"https:\/\/i0.wp.com\/vtom.fr\/wp-content\/uploads\/2023\/04\/IMG_396e.jpg?fit=2000%2C1500&amp;ssl=1\" data-orig-size=\"2000,1500\" data-comments-opened=\"0\" data-image-meta=\"{&quot;aperture&quot;:&quot;1.5&quot;,&quot;credit&quot;:&quot;&quot;,&quot;camera&quot;:&quot;iPhone 13 Pro Max&quot;,&quot;caption&quot;:&quot;&quot;,&quot;created_timestamp&quot;:&quot;1679068463&quot;,&quot;copyright&quot;:&quot;&quot;,&quot;focal_length&quot;:&quot;5.7&quot;,&quot;iso&quot;:&quot;50&quot;,&quot;shutter_speed&quot;:&quot;0.0010183299389002&quot;,&quot;title&quot;:&quot;&quot;,&quot;orientation&quot;:&quot;1&quot;}\" data-image-title=\"IMG_396e\" data-image-description=\"\" data-image-caption=\"\" data-medium-file=\"https:\/\/i0.wp.com\/vtom.fr\/wp-content\/uploads\/2023\/04\/IMG_396e.jpg?fit=300%2C225&amp;ssl=1\" data-large-file=\"https:\/\/i0.wp.com\/vtom.fr\/wp-content\/uploads\/2023\/04\/IMG_396e.jpg?fit=770%2C578&amp;ssl=1\" src=\"https:\/\/i0.wp.com\/vtom.fr\/wp-content\/uploads\/2023\/04\/IMG_396e.jpg?resize=770%2C578&#038;ssl=1\" alt=\"\" class=\"wp-image-1103\" srcset=\"https:\/\/i0.wp.com\/vtom.fr\/wp-content\/uploads\/2023\/04\/IMG_396e.jpg?resize=1024%2C768&amp;ssl=1 1024w, https:\/\/i0.wp.com\/vtom.fr\/wp-content\/uploads\/2023\/04\/IMG_396e.jpg?resize=300%2C225&amp;ssl=1 300w, https:\/\/i0.wp.com\/vtom.fr\/wp-content\/uploads\/2023\/04\/IMG_396e.jpg?resize=768%2C576&amp;ssl=1 768w, https:\/\/i0.wp.com\/vtom.fr\/wp-content\/uploads\/2023\/04\/IMG_396e.jpg?resize=1536%2C1152&amp;ssl=1 1536w, https:\/\/i0.wp.com\/vtom.fr\/wp-content\/uploads\/2023\/04\/IMG_396e.jpg?resize=80%2C60&amp;ssl=1 80w, https:\/\/i0.wp.com\/vtom.fr\/wp-content\/uploads\/2023\/04\/IMG_396e.jpg?resize=600%2C450&amp;ssl=1 600w, https:\/\/i0.wp.com\/vtom.fr\/wp-content\/uploads\/2023\/04\/IMG_396e.jpg?w=2000&amp;ssl=1 2000w\" sizes=\"auto, (max-width: 770px) 100vw, 770px\" \/><\/figure>\n\n\n<div class=\"wp-block-image\">\n<figure class=\"aligncenter size-large is-resized\"><img data-recalc-dims=\"1\" loading=\"lazy\" decoding=\"async\" width=\"770\" height=\"770\" data-attachment-id=\"744\" data-permalink=\"https:\/\/vtom.fr\/index.php\/drone\/3dfefc19-2a6a-46de-9e21-5153018a70d6\/\" data-orig-file=\"https:\/\/i0.wp.com\/vtom.fr\/wp-content\/uploads\/2021\/04\/3DFEFC19-2A6A-46DE-9E21-5153018A70D6.jpeg?fit=1000%2C1000&amp;ssl=1\" data-orig-size=\"1000,1000\" data-comments-opened=\"0\" data-image-meta=\"{&quot;aperture&quot;:&quot;1.6&quot;,&quot;credit&quot;:&quot;&quot;,&quot;camera&quot;:&quot;iPhone 12 Pro Max&quot;,&quot;caption&quot;:&quot;&quot;,&quot;created_timestamp&quot;:&quot;1610010837&quot;,&quot;copyright&quot;:&quot;&quot;,&quot;focal_length&quot;:&quot;5.1&quot;,&quot;iso&quot;:&quot;32&quot;,&quot;shutter_speed&quot;:&quot;0.0012391573729864&quot;,&quot;title&quot;:&quot;&quot;,&quot;orientation&quot;:&quot;1&quot;}\" data-image-title=\"3DFEFC19-2A6A-46DE-9E21-5153018A70D6\" data-image-description=\"\" data-image-caption=\"&lt;p&gt;Drone FPV&lt;\/p&gt;\n\" data-medium-file=\"https:\/\/i0.wp.com\/vtom.fr\/wp-content\/uploads\/2021\/04\/3DFEFC19-2A6A-46DE-9E21-5153018A70D6.jpeg?fit=300%2C300&amp;ssl=1\" data-large-file=\"https:\/\/i0.wp.com\/vtom.fr\/wp-content\/uploads\/2021\/04\/3DFEFC19-2A6A-46DE-9E21-5153018A70D6.jpeg?fit=770%2C770&amp;ssl=1\" src=\"https:\/\/i0.wp.com\/vtom.fr\/wp-content\/uploads\/2021\/04\/3DFEFC19-2A6A-46DE-9E21-5153018A70D6.jpeg?resize=770%2C770&#038;ssl=1\" alt=\"\" class=\"wp-image-744\" style=\"width:842px;height:842px\" srcset=\"https:\/\/i0.wp.com\/vtom.fr\/wp-content\/uploads\/2021\/04\/3DFEFC19-2A6A-46DE-9E21-5153018A70D6.jpeg?w=1000&amp;ssl=1 1000w, https:\/\/i0.wp.com\/vtom.fr\/wp-content\/uploads\/2021\/04\/3DFEFC19-2A6A-46DE-9E21-5153018A70D6.jpeg?resize=300%2C300&amp;ssl=1 300w, https:\/\/i0.wp.com\/vtom.fr\/wp-content\/uploads\/2021\/04\/3DFEFC19-2A6A-46DE-9E21-5153018A70D6.jpeg?resize=150%2C150&amp;ssl=1 150w, https:\/\/i0.wp.com\/vtom.fr\/wp-content\/uploads\/2021\/04\/3DFEFC19-2A6A-46DE-9E21-5153018A70D6.jpeg?resize=768%2C768&amp;ssl=1 768w, https:\/\/i0.wp.com\/vtom.fr\/wp-content\/uploads\/2021\/04\/3DFEFC19-2A6A-46DE-9E21-5153018A70D6.jpeg?resize=600%2C600&amp;ssl=1 600w, https:\/\/i0.wp.com\/vtom.fr\/wp-content\/uploads\/2021\/04\/3DFEFC19-2A6A-46DE-9E21-5153018A70D6.jpeg?resize=100%2C100&amp;ssl=1 100w\" sizes=\"auto, (max-width: 770px) 100vw, 770px\" \/><figcaption class=\"wp-element-caption\">Exemple de drone FPV<\/figcaption><\/figure>\n<\/div>\n\n\n<figure class=\"wp-block-embed is-type-video is-provider-youtube wp-block-embed-youtube wp-embed-aspect-16-9 wp-has-aspect-ratio\"><div class=\"wp-block-embed__wrapper\">\n<iframe loading=\"lazy\"  id=\"_ytid_72520\"  width=\"770\" height=\"433\"  data-origwidth=\"770\" data-origheight=\"433\" src=\"https:\/\/www.youtube.com\/embed\/5EmvzwN3J7I?enablejsapi=1&#038;autoplay=0&#038;cc_load_policy=0&#038;cc_lang_pref=&#038;iv_load_policy=1&#038;loop=0&#038;rel=1&#038;fs=1&#038;playsinline=0&#038;autohide=2&#038;theme=dark&#038;color=red&#038;controls=1&#038;\" class=\"__youtube_prefs__  epyt-is-override  no-lazyload\" title=\"YouTube player\"  allow=\"fullscreen; accelerometer; autoplay; clipboard-write; encrypted-media; gyroscope; picture-in-picture; web-share\" referrerpolicy=\"strict-origin-when-cross-origin\" allowfullscreen data-no-lazy=\"1\" data-skipgform_ajax_framebjll=\"\"><\/iframe>\n<\/div><figcaption class=\"wp-element-caption\">VOL FPV EN INTERIEUR ( Drone compact 250g)<\/figcaption><\/figure>\n\n\n<div class=\"wp-block-image\">\n<figure class=\"aligncenter size-full\"><a href=\"https:\/\/i0.wp.com\/vtom.fr\/wp-content\/uploads\/2016\/06\/MAISONMINIPLANET.jpg\"><img data-recalc-dims=\"1\" loading=\"lazy\" decoding=\"async\" width=\"770\" height=\"702\" data-attachment-id=\"131\" data-permalink=\"https:\/\/vtom.fr\/index.php\/drone\/maisonminiplanet\/\" data-orig-file=\"https:\/\/i0.wp.com\/vtom.fr\/wp-content\/uploads\/2016\/06\/MAISONMINIPLANET.jpg?fit=1000%2C912&amp;ssl=1\" data-orig-size=\"1000,912\" data-comments-opened=\"1\" data-image-meta=\"{&quot;aperture&quot;:&quot;0&quot;,&quot;credit&quot;:&quot;&quot;,&quot;camera&quot;:&quot;&quot;,&quot;caption&quot;:&quot;&quot;,&quot;created_timestamp&quot;:&quot;0&quot;,&quot;copyright&quot;:&quot;&quot;,&quot;focal_length&quot;:&quot;0&quot;,&quot;iso&quot;:&quot;0&quot;,&quot;shutter_speed&quot;:&quot;0&quot;,&quot;title&quot;:&quot;&quot;,&quot;orientation&quot;:&quot;1&quot;}\" data-image-title=\"MAISONMINIPLANET\" data-image-description=\"\" data-image-caption=\"&lt;p&gt;Miniplanet pour Facebook.&lt;\/p&gt;\n\" data-medium-file=\"https:\/\/i0.wp.com\/vtom.fr\/wp-content\/uploads\/2016\/06\/MAISONMINIPLANET.jpg?fit=300%2C274&amp;ssl=1\" data-large-file=\"https:\/\/i0.wp.com\/vtom.fr\/wp-content\/uploads\/2016\/06\/MAISONMINIPLANET.jpg?fit=770%2C702&amp;ssl=1\" src=\"https:\/\/i0.wp.com\/vtom.fr\/wp-content\/uploads\/2016\/06\/MAISONMINIPLANET.jpg?resize=770%2C702&#038;ssl=1\" alt=\"\" class=\"wp-image-131\" srcset=\"https:\/\/i0.wp.com\/vtom.fr\/wp-content\/uploads\/2016\/06\/MAISONMINIPLANET.jpg?w=1000&amp;ssl=1 1000w, https:\/\/i0.wp.com\/vtom.fr\/wp-content\/uploads\/2016\/06\/MAISONMINIPLANET.jpg?resize=300%2C274&amp;ssl=1 300w, https:\/\/i0.wp.com\/vtom.fr\/wp-content\/uploads\/2016\/06\/MAISONMINIPLANET.jpg?resize=768%2C700&amp;ssl=1 768w\" sizes=\"auto, (max-width: 770px) 100vw, 770px\" \/><\/a><figcaption class=\"wp-element-caption\">Miniplanet pour Facebook.<\/figcaption><\/figure>\n<\/div>","protected":false},"excerpt":{"rendered":"<p>Nous utilisons plusieurs drones (Stabilis\u00e9s ou FPV) en fonction des besoins de prise de vues, des caract\u00e9ristiques d&rsquo;utilisation, des r\u00e9glementations en vigueur, mais aussi pour entrer dans les limites de votre budget. Notre flotte de drone comprend: &#8211; Un DJI Mavic PRO 3 Classic&#8211; Un DJI Mavic Mini 4 PRO Ainsi que de nombreux drones &hellip; <\/p>\n","protected":false},"author":3,"featured_media":527,"parent":0,"menu_order":0,"comment_status":"closed","ping_status":"closed","template":"","meta":{"jetpack_post_was_ever_published":false,"footnotes":""},"class_list":["post-45","page","type-page","status-publish","has-post-thumbnail","hentry"],"jetpack_sharing_enabled":true,"jetpack_shortlink":"https:\/\/wp.me\/P7Ct3F-J","jetpack-related-posts":[],"_links":{"self":[{"href":"https:\/\/vtom.fr\/index.php\/wp-json\/wp\/v2\/pages\/45","targetHints":{"allow":["GET"]}}],"collection":[{"href":"https:\/\/vtom.fr\/index.php\/wp-json\/wp\/v2\/pages"}],"about":[{"href":"https:\/\/vtom.fr\/index.php\/wp-json\/wp\/v2\/types\/page"}],"author":[{"embeddable":true,"href":"https:\/\/vtom.fr\/index.php\/wp-json\/wp\/v2\/users\/3"}],"replies":[{"embeddable":true,"href":"https:\/\/vtom.fr\/index.php\/wp-json\/wp\/v2\/comments?post=45"}],"version-history":[{"count":23,"href":"https:\/\/vtom.fr\/index.php\/wp-json\/wp\/v2\/pages\/45\/revisions"}],"predecessor-version":[{"id":1153,"href":"https:\/\/vtom.fr\/index.php\/wp-json\/wp\/v2\/pages\/45\/revisions\/1153"}],"wp:featuredmedia":[{"embeddable":true,"href":"https:\/\/vtom.fr\/index.php\/wp-json\/wp\/v2\/media\/527"}],"wp:attachment":[{"href":"https:\/\/vtom.fr\/index.php\/wp-json\/wp\/v2\/media?parent=45"}],"curies":[{"name":"wp","href":"https:\/\/api.w.org\/{rel}","templated":true}]}}