{"id":52,"date":"2016-06-07T17:52:46","date_gmt":"2016-06-07T16:52:46","guid":{"rendered":"http:\/\/vtom.fr\/?page_id=52"},"modified":"2025-05-05T14:31:58","modified_gmt":"2025-05-05T13:31:58","slug":"accueil","status":"publish","type":"page","link":"https:\/\/vtom.fr\/index.php\/accueil\/","title":{"rendered":"Bienvenue sur VTOM.fr"},"content":{"rendered":"\n<hr class=\"wp-block-separator has-alpha-channel-opacity\" id=\"block-1cc84b57-c687-457b-b213-1e40d8516cdd\"\/>\n\n\n\n<p>Sp\u00e9cialis\u00e9 depuis plus de 17 ans dans la cr\u00e9ation de contenu multim\u00e9dia multi-support (Photos\/vid\u00e9os\/3D\/360). Nous pouvons r\u00e9aliser pour vous les photos ou vid\u00e9os dont vous avez besoin pour votre communication, besoins professionnels, contenus d&rsquo;actualit\u00e9s sur les r\u00e9seaux sociaux, remerciements sponsors, ou seulement pour votre plaisir&#8230;<br>(Web, Print, R\u00e9seaux sociaux&#8230;)<\/p>\n\n\n\n<figure class=\"wp-block-embed is-type-video is-provider-youtube wp-block-embed-youtube wp-embed-aspect-16-9 wp-has-aspect-ratio\"><div class=\"wp-block-embed__wrapper\">\n<iframe loading=\"lazy\"  id=\"_ytid_24648\"  width=\"770\" height=\"433\"  data-origwidth=\"770\" data-origheight=\"433\" src=\"https:\/\/www.youtube.com\/embed\/kxlxMW-mPbQ?enablejsapi=1&#038;autoplay=0&#038;cc_load_policy=0&#038;cc_lang_pref=&#038;iv_load_policy=1&#038;loop=0&#038;rel=1&#038;fs=1&#038;playsinline=0&#038;autohide=2&#038;theme=dark&#038;color=red&#038;controls=1&#038;\" class=\"__youtube_prefs__  epyt-is-override  no-lazyload\" title=\"YouTube player\"  allow=\"fullscreen; accelerometer; autoplay; clipboard-write; encrypted-media; gyroscope; picture-in-picture; web-share\" referrerpolicy=\"strict-origin-when-cross-origin\" allowfullscreen data-no-lazy=\"1\" data-skipgform_ajax_framebjll=\"\"><\/iframe>\n<\/div><\/figure>\n\n\n\n<p><strong>Nous proposons depuis 2015 des visites virtuelles interactives 3D gr\u00e2ce \u00e0 la technologie de r\u00e9f\u00e9rence Matterport.<\/strong><\/p>\n\n\n\n<p class=\"has-text-align-center\">Exemple de visite virtuelle 3D avec enrichissements vid\u00e9os et liens externes: (Fitness Boutique Pau\/Lons 64)<\/p>\n\n\n\n<p class=\"has-text-align-center\"><br><iframe loading=\"lazy\" src=\"https:\/\/my.matterport.com\/show\/?m=hwd126SNoaQ\" width=\"800\" height=\"400\" frameborder=\"0\" allowfullscreen=\"allowfullscreen\">&amp;amp;amp;amp;amp;lt;\/p&amp;amp;amp;amp;amp;gt;<\/iframe><\/p>\n\n\n\n<p>Depuis octobre 2019 nous proposons aussi des prestations a\u00e9riennes par drones. (Certificat de T\u00e9l\u00e9pilote de drone en r\u00e8gle DGAC)<\/p>\n\n\n\n<figure class=\"wp-block-image size-large\"><img data-recalc-dims=\"1\" loading=\"lazy\" decoding=\"async\" width=\"770\" height=\"770\" data-attachment-id=\"1111\" data-permalink=\"https:\/\/vtom.fr\/index.php\/accueil\/geprc-cinebot30\/\" data-orig-file=\"https:\/\/i0.wp.com\/vtom.fr\/wp-content\/uploads\/2023\/04\/GEPRC-CINEBOT30.jpg?fit=1500%2C1500&amp;ssl=1\" data-orig-size=\"1500,1500\" data-comments-opened=\"0\" data-image-meta=\"{&quot;aperture&quot;:&quot;1.5&quot;,&quot;credit&quot;:&quot;&quot;,&quot;camera&quot;:&quot;iPhone 13 Pro Max&quot;,&quot;caption&quot;:&quot;&quot;,&quot;created_timestamp&quot;:&quot;1678986939&quot;,&quot;copyright&quot;:&quot;&quot;,&quot;focal_length&quot;:&quot;5.7&quot;,&quot;iso&quot;:&quot;50&quot;,&quot;shutter_speed&quot;:&quot;0.0022321428571429&quot;,&quot;title&quot;:&quot;&quot;,&quot;orientation&quot;:&quot;1&quot;}\" data-image-title=\"GEPRC-CINEBOT30\" data-image-description=\"\" data-image-caption=\"\" data-medium-file=\"https:\/\/i0.wp.com\/vtom.fr\/wp-content\/uploads\/2023\/04\/GEPRC-CINEBOT30.jpg?fit=300%2C300&amp;ssl=1\" data-large-file=\"https:\/\/i0.wp.com\/vtom.fr\/wp-content\/uploads\/2023\/04\/GEPRC-CINEBOT30.jpg?fit=770%2C770&amp;ssl=1\" src=\"https:\/\/i0.wp.com\/vtom.fr\/wp-content\/uploads\/2023\/04\/GEPRC-CINEBOT30.jpg?resize=770%2C770&#038;ssl=1\" alt=\"\" class=\"wp-image-1111\" srcset=\"https:\/\/i0.wp.com\/vtom.fr\/wp-content\/uploads\/2023\/04\/GEPRC-CINEBOT30.jpg?resize=1024%2C1024&amp;ssl=1 1024w, https:\/\/i0.wp.com\/vtom.fr\/wp-content\/uploads\/2023\/04\/GEPRC-CINEBOT30.jpg?resize=300%2C300&amp;ssl=1 300w, https:\/\/i0.wp.com\/vtom.fr\/wp-content\/uploads\/2023\/04\/GEPRC-CINEBOT30.jpg?resize=150%2C150&amp;ssl=1 150w, https:\/\/i0.wp.com\/vtom.fr\/wp-content\/uploads\/2023\/04\/GEPRC-CINEBOT30.jpg?resize=768%2C768&amp;ssl=1 768w, https:\/\/i0.wp.com\/vtom.fr\/wp-content\/uploads\/2023\/04\/GEPRC-CINEBOT30.jpg?resize=370%2C370&amp;ssl=1 370w, https:\/\/i0.wp.com\/vtom.fr\/wp-content\/uploads\/2023\/04\/GEPRC-CINEBOT30.jpg?resize=60%2C60&amp;ssl=1 60w, https:\/\/i0.wp.com\/vtom.fr\/wp-content\/uploads\/2023\/04\/GEPRC-CINEBOT30.jpg?resize=600%2C600&amp;ssl=1 600w, https:\/\/i0.wp.com\/vtom.fr\/wp-content\/uploads\/2023\/04\/GEPRC-CINEBOT30.jpg?resize=100%2C100&amp;ssl=1 100w, https:\/\/i0.wp.com\/vtom.fr\/wp-content\/uploads\/2023\/04\/GEPRC-CINEBOT30.jpg?w=1500&amp;ssl=1 1500w\" sizes=\"auto, (max-width: 770px) 100vw, 770px\" \/><\/figure>\n\n\n\n<figure class=\"wp-block-embed is-type-video is-provider-youtube wp-block-embed-youtube wp-embed-aspect-16-9 wp-has-aspect-ratio\"><div class=\"wp-block-embed__wrapper\">\n<iframe loading=\"lazy\"  id=\"_ytid_53575\"  width=\"770\" height=\"433\"  data-origwidth=\"770\" data-origheight=\"433\" src=\"https:\/\/www.youtube.com\/embed\/QtKpWx4qWWU?enablejsapi=1&#038;autoplay=0&#038;cc_load_policy=0&#038;cc_lang_pref=&#038;iv_load_policy=1&#038;loop=0&#038;rel=1&#038;fs=1&#038;playsinline=0&#038;autohide=2&#038;theme=dark&#038;color=red&#038;controls=1&#038;\" class=\"__youtube_prefs__  epyt-is-override  no-lazyload\" title=\"YouTube player\"  allow=\"fullscreen; accelerometer; autoplay; clipboard-write; encrypted-media; gyroscope; picture-in-picture; web-share\" referrerpolicy=\"strict-origin-when-cross-origin\" allowfullscreen data-no-lazy=\"1\" data-skipgform_ajax_framebjll=\"\"><\/iframe>\n<\/div><\/figure>\n","protected":false},"excerpt":{"rendered":"<p>Sp\u00e9cialis\u00e9 depuis plus de 17 ans dans la cr\u00e9ation de contenu multim\u00e9dia multi-support (Photos\/vid\u00e9os\/3D\/360). Nous pouvons r\u00e9aliser pour vous les photos ou vid\u00e9os dont vous avez besoin pour votre communication, besoins professionnels, contenus d&rsquo;actualit\u00e9s sur les r\u00e9seaux sociaux, remerciements sponsors, ou seulement pour votre plaisir&#8230;(Web, Print, R\u00e9seaux sociaux&#8230;) Nous proposons depuis 2015 des visites virtuelles &hellip; <\/p>\n","protected":false},"author":3,"featured_media":0,"parent":0,"menu_order":0,"comment_status":"closed","ping_status":"closed","template":"","meta":{"jetpack_post_was_ever_published":false,"footnotes":""},"class_list":["post-52","page","type-page","status-publish","hentry"],"jetpack_sharing_enabled":true,"jetpack_shortlink":"https:\/\/wp.me\/P7Ct3F-Q","jetpack-related-posts":[],"_links":{"self":[{"href":"https:\/\/vtom.fr\/index.php\/wp-json\/wp\/v2\/pages\/52","targetHints":{"allow":["GET"]}}],"collection":[{"href":"https:\/\/vtom.fr\/index.php\/wp-json\/wp\/v2\/pages"}],"about":[{"href":"https:\/\/vtom.fr\/index.php\/wp-json\/wp\/v2\/types\/page"}],"author":[{"embeddable":true,"href":"https:\/\/vtom.fr\/index.php\/wp-json\/wp\/v2\/users\/3"}],"replies":[{"embeddable":true,"href":"https:\/\/vtom.fr\/index.php\/wp-json\/wp\/v2\/comments?post=52"}],"version-history":[{"count":16,"href":"https:\/\/vtom.fr\/index.php\/wp-json\/wp\/v2\/pages\/52\/revisions"}],"predecessor-version":[{"id":1146,"href":"https:\/\/vtom.fr\/index.php\/wp-json\/wp\/v2\/pages\/52\/revisions\/1146"}],"wp:attachment":[{"href":"https:\/\/vtom.fr\/index.php\/wp-json\/wp\/v2\/media?parent=52"}],"curies":[{"name":"wp","href":"https:\/\/api.w.org\/{rel}","templated":true}]}}