{"id":633,"date":"2021-01-04T16:31:40","date_gmt":"2021-01-04T15:31:40","guid":{"rendered":"http:\/\/vtom.fr\/?page_id=633"},"modified":"2023-04-13T10:19:59","modified_gmt":"2023-04-13T09:19:59","slug":"tarifs-prestations-videos","status":"publish","type":"page","link":"https:\/\/vtom.fr\/index.php\/tarifs\/tarifs-prestations-videos\/","title":{"rendered":"Tarifs prestations vid\u00e9os"},"content":{"rendered":"\n<p>Les prix list\u00e9s ci-dessous peuvent inclure les d\u00e9placements (Franchise kilom\u00e9trique de 30 Km autour de PAU), les post-traitements et peuvent varier en fonction de la complexit\u00e9 de votre projet.<\/p>\n\n\n\n<figure class=\"wp-block-table is-style-stripes\"><table><thead><tr><th>Type de prestation<\/th><th>Tarif<\/th><th>Dur\u00e9e moyenne<\/th><\/tr><\/thead><tbody><tr><td>Tarif prises de vues demi-journ\u00e9e<\/td><td>350\u20ac<\/td><td>4 heures<\/td><\/tr><tr><td>Tarif prises de vues \u00e0 la journ\u00e9e<\/td><td>500\u20ac<\/td><td>8 heures<\/td><\/tr><tr><td>Demi-journ\u00e9e montage \/ post prod<\/td><td>300\u20ac<\/td><td>4 heures<\/td><\/tr><tr><td>Journ\u00e9e post montage  \/ post prod<\/td><td>400\u20ac<\/td><td>8 heures<\/td><\/tr><tr><td>Amortissement mat\u00e9riel standard (Forfait)<\/td><td>200\u20ac<\/td><td>Par jour<\/td><\/tr><tr><td>Format court \u00ab\u00a0Style instagram\u00a0\u00bb<\/td><td>150\u20ac<\/td><td>A partir de<\/td><\/tr><tr><td>Tarif \u00e0 l&rsquo;heure <\/td><td>100\u20ac<\/td><td>1 heure<\/td><\/tr><\/tbody><\/table><figcaption class=\"wp-element-caption\"><br>Pour plus d&rsquo;informations et un devis personnalis\u00e9 contactez-nous<br>contact@vtom.fr<br>06 95 53 57 80<\/figcaption><\/figure>\n","protected":false},"excerpt":{"rendered":"<p>Les prix list\u00e9s ci-dessous peuvent inclure les d\u00e9placements (Franchise kilom\u00e9trique de 30 Km autour de PAU), les post-traitements et peuvent varier en fonction de la complexit\u00e9 de votre projet. Type de prestation Tarif Dur\u00e9e moyenne Tarif prises de vues demi-journ\u00e9e 350\u20ac 4 heures Tarif prises de vues \u00e0 la journ\u00e9e 500\u20ac 8 heures Demi-journ\u00e9e montage &hellip; <\/p>\n","protected":false},"author":3,"featured_media":0,"parent":171,"menu_order":4,"comment_status":"closed","ping_status":"closed","template":"","meta":{"jetpack_post_was_ever_published":false,"footnotes":""},"class_list":["post-633","page","type-page","status-publish","hentry"],"jetpack_sharing_enabled":true,"jetpack_shortlink":"https:\/\/wp.me\/P7Ct3F-ad","jetpack-related-posts":[],"_links":{"self":[{"href":"https:\/\/vtom.fr\/index.php\/wp-json\/wp\/v2\/pages\/633","targetHints":{"allow":["GET"]}}],"collection":[{"href":"https:\/\/vtom.fr\/index.php\/wp-json\/wp\/v2\/pages"}],"about":[{"href":"https:\/\/vtom.fr\/index.php\/wp-json\/wp\/v2\/types\/page"}],"author":[{"embeddable":true,"href":"https:\/\/vtom.fr\/index.php\/wp-json\/wp\/v2\/users\/3"}],"replies":[{"embeddable":true,"href":"https:\/\/vtom.fr\/index.php\/wp-json\/wp\/v2\/comments?post=633"}],"version-history":[{"count":6,"href":"https:\/\/vtom.fr\/index.php\/wp-json\/wp\/v2\/pages\/633\/revisions"}],"predecessor-version":[{"id":1118,"href":"https:\/\/vtom.fr\/index.php\/wp-json\/wp\/v2\/pages\/633\/revisions\/1118"}],"up":[{"embeddable":true,"href":"https:\/\/vtom.fr\/index.php\/wp-json\/wp\/v2\/pages\/171"}],"wp:attachment":[{"href":"https:\/\/vtom.fr\/index.php\/wp-json\/wp\/v2\/media?parent=633"}],"curies":[{"name":"wp","href":"https:\/\/api.w.org\/{rel}","templated":true}]}}